{"id":5905,"date":"2023-04-02T08:25:42","date_gmt":"2023-04-02T08:25:42","guid":{"rendered":"https:\/\/numizmatika.beila.hu\/?post_type=product&#038;p=5905"},"modified":"2023-04-02T08:42:53","modified_gmt":"2023-04-02T08:42:53","slug":"1941-varosliget-es-budapest-latvanyossagai-szobrai-retro-kepeken-44-db","status":"publish","type":"product","link":"https:\/\/numizmatika.beila.hu\/?product=1941-varosliget-es-budapest-latvanyossagai-szobrai-retro-kepeken-44-db","title":{"rendered":"1941 V\u00e1rosliget \u00e9s Budapest l\u00e1tv\u00e1nyoss\u00e1gai, szobrai retro k\u00e9peken (44 db)"},"content":{"rendered":"<h3>J\u00f3 \u00e1llapotban l\u00e9v\u0151 r\u00e9gi, retr\u00f3 f\u00e9nyk\u00e9pek 1941-b\u0151l.<\/h3>\n<p>M\u00e9ret: 60*90 mm<\/p>\n<p>N\u00e9h\u00e1ny nevezetess\u00e9g:<br \/>\n&#8211; \u00c1llatkert<br \/>\n&#8211; Anonymus szobra<br \/>\n&#8211; Dar\u00e1nyi Ign\u00e1c szobra<br \/>\n&#8211; George Washington szobra<br \/>\n&#8211; Csik\u00f3s szobor<br \/>\n&#8211; Kors\u00f3s fi\u00fa szobra<br \/>\n&#8211; Posa Lajos szobra<br \/>\n&#8211; M\u0171gomba szobor<br \/>\n&#8211; Hal\u00e1szb\u00e1stya<br \/>\n&#8211; Toldi Mikl\u00f3s szobra<br \/>\n&#8211; Szerelmesp\u00e1r szobra<br \/>\n&#8211; Rudolf tr\u00f3n\u00f6r\u00f6k\u00f6s szobra<br \/>\n&#8211; Vajdahunyad v\u00e1ra<br \/>\n&#8211; Csengeri Antal szobra<br \/>\n&#8211; XIII. Ince p\u00e1pa szobra<br \/>\n&#8211; Szabad haz\u00e1\u00e9rt szobor<br \/>\n&#8211; Budapest l\u00e1tk\u00e9pe (Parlament)<br \/>\n&#8211; P\u00e9nc\u00e9los vit\u00e9z szobra<br \/>\n&#8211; Alp\u00e1r Ign\u00e1c szobra<br \/>\n&#8211; H\u0151s\u00f6k tere<br \/>\n&#8211; Nyilaz\u00f3 gyerek szobra<\/p>\n<p>L\u00e1sd a k\u00e9peket.<\/p>\n","protected":false},"excerpt":{"rendered":"<p>J\u00f3 \u00e1llapotban l\u00e9v\u0151 r\u00e9gi, retr\u00f3 f\u00e9nyk\u00e9pek 1941-b\u0151l. M\u00e9ret: 60*90 mm N\u00e9h\u00e1ny nevezetess\u00e9g: &#8211; \u00c1llatkert &#8211; Anonymus szobra &#8211; Dar\u00e1nyi Ign\u00e1c szobra &#8211; George Washington szobra &#8211; Csik\u00f3s szobor &#8211; Kors\u00f3s fi\u00fa szobra &#8211; Posa Lajos szobra &#8211; M\u0171gomba szobor &#8211; Hal\u00e1szb\u00e1stya &#8211; Toldi Mikl\u00f3s szobra &#8211; Szerelmesp\u00e1r szobra &#8211; Rudolf tr\u00f3n\u00f6r\u00f6k\u00f6s szobra &#8211; Vajdahunyad v\u00e1ra&hellip; <a class=\"read-more-link\" href=\"https:\/\/numizmatika.beila.hu\/?product=1941-varosliget-es-budapest-latvanyossagai-szobrai-retro-kepeken-44-db\">Read More<\/a><\/p>\n","protected":false},"featured_media":5931,"comment_status":"open","ping_status":"closed","template":"","meta":[],"product_cat":[79],"product_tag":[],"_links":{"self":[{"href":"https:\/\/numizmatika.beila.hu\/index.php?rest_route=\/wp\/v2\/product\/5905"}],"collection":[{"href":"https:\/\/numizmatika.beila.hu\/index.php?rest_route=\/wp\/v2\/product"}],"about":[{"href":"https:\/\/numizmatika.beila.hu\/index.php?rest_route=\/wp\/v2\/types\/product"}],"replies":[{"embeddable":true,"href":"https:\/\/numizmatika.beila.hu\/index.php?rest_route=%2Fwp%2Fv2%2Fcomments&post=5905"}],"wp:featuredmedia":[{"embeddable":true,"href":"https:\/\/numizmatika.beila.hu\/index.php?rest_route=\/wp\/v2\/media\/5931"}],"wp:attachment":[{"href":"https:\/\/numizmatika.beila.hu\/index.php?rest_route=%2Fwp%2Fv2%2Fmedia&parent=5905"}],"wp:term":[{"taxonomy":"product_cat","embeddable":true,"href":"https:\/\/numizmatika.beila.hu\/index.php?rest_route=%2Fwp%2Fv2%2Fproduct_cat&post=5905"},{"taxonomy":"product_tag","embeddable":true,"href":"https:\/\/numizmatika.beila.hu\/index.php?rest_route=%2Fwp%2Fv2%2Fproduct_tag&post=5905"}],"curies":[{"name":"wp","href":"https:\/\/api.w.org\/{rel}","templated":true}]}}