{"id":592,"date":"2018-01-01T12:03:44","date_gmt":"2018-01-01T12:03:44","guid":{"rendered":"https:\/\/numizmatika.beila.hu\/?post_type=product&#038;p=592"},"modified":"2023-10-12T11:29:16","modified_gmt":"2023-10-12T11:29:16","slug":"optima-classic-gigant-album","status":"publish","type":"product","link":"https:\/\/numizmatika.beila.hu\/?product=optima-classic-gigant-album","title":{"rendered":"Optima Classic Gigant album"},"content":{"rendered":"<p>K\u00f6nyvk\u00f6t\u00e9szeti kivitel, m\u0171b\u0151r k\u00f6t\u00e9s.<br \/>\nNagy befogad\u00f3k\u00e9pess\u00e9g: 20 db Optima \u00e9rmetart\u00f3 lap (nem tartalmazza az \u00e1r).<br \/>\nEr\u0151s 4-gy\u0171r\u0171s, egyenes vasal\u00e1s\u00fa mechanika.<br \/>\nSz\u00ednek: feny\u0151 z\u00f6ld, bord\u00f3i v\u00f6r\u00f6s \u00e9s kir\u00e1lyk\u00e9k.<br \/>\nHozz\u00e1ill\u0151 v\u00e9d\u0151kazett\u00e1val.<br \/>\nK\u00fcls\u0151 m\u00e9ret: 260x282x83 mm.<\/p>\n","protected":false},"excerpt":{"rendered":"<p>Optima lapokkal b\u0151v\u00edthet\u0151 \u00e9rmealbum.<\/p>\n","protected":false},"featured_media":593,"comment_status":"open","ping_status":"closed","template":"","meta":[],"product_cat":[44],"product_tag":[],"_links":{"self":[{"href":"https:\/\/numizmatika.beila.hu\/index.php?rest_route=\/wp\/v2\/product\/592"}],"collection":[{"href":"https:\/\/numizmatika.beila.hu\/index.php?rest_route=\/wp\/v2\/product"}],"about":[{"href":"https:\/\/numizmatika.beila.hu\/index.php?rest_route=\/wp\/v2\/types\/product"}],"replies":[{"embeddable":true,"href":"https:\/\/numizmatika.beila.hu\/index.php?rest_route=%2Fwp%2Fv2%2Fcomments&post=592"}],"wp:featuredmedia":[{"embeddable":true,"href":"https:\/\/numizmatika.beila.hu\/index.php?rest_route=\/wp\/v2\/media\/593"}],"wp:attachment":[{"href":"https:\/\/numizmatika.beila.hu\/index.php?rest_route=%2Fwp%2Fv2%2Fmedia&parent=592"}],"wp:term":[{"taxonomy":"product_cat","embeddable":true,"href":"https:\/\/numizmatika.beila.hu\/index.php?rest_route=%2Fwp%2Fv2%2Fproduct_cat&post=592"},{"taxonomy":"product_tag","embeddable":true,"href":"https:\/\/numizmatika.beila.hu\/index.php?rest_route=%2Fwp%2Fv2%2Fproduct_tag&post=592"}],"curies":[{"name":"wp","href":"https:\/\/api.w.org\/{rel}","templated":true}]}}