{"id":5974,"date":"2023-04-02T09:16:47","date_gmt":"2023-04-02T09:16:47","guid":{"rendered":"https:\/\/numizmatika.beila.hu\/?post_type=product&#038;p=5974"},"modified":"2023-11-14T18:55:42","modified_gmt":"2023-11-14T18:55:42","slug":"200-forint-bankjegy-2005-fa-ii","status":"publish","type":"product","link":"https:\/\/numizmatika.beila.hu\/?product=200-forint-bankjegy-2005-fa-ii","title":{"rendered":"200 forint bankjegy (2005 &#8211; FA)"},"content":{"rendered":"<h2><strong>Csodasz\u00e9p magyar bankjegy!<\/strong><\/h2>\n<p>A k\u00e9peken l\u00e1that\u00f3 \u00e1llapot\u00fa term\u00e9k ker\u00fcl a vev\u0151 kez\u00e9be.<\/p>\n","protected":false},"excerpt":{"rendered":"<p>Kiv\u00e1l\u00f3 magyar bankjegy!<\/p>\n","protected":false},"featured_media":5975,"comment_status":"open","ping_status":"closed","template":"","meta":[],"product_cat":[126],"product_tag":[],"_links":{"self":[{"href":"https:\/\/numizmatika.beila.hu\/index.php?rest_route=\/wp\/v2\/product\/5974"}],"collection":[{"href":"https:\/\/numizmatika.beila.hu\/index.php?rest_route=\/wp\/v2\/product"}],"about":[{"href":"https:\/\/numizmatika.beila.hu\/index.php?rest_route=\/wp\/v2\/types\/product"}],"replies":[{"embeddable":true,"href":"https:\/\/numizmatika.beila.hu\/index.php?rest_route=%2Fwp%2Fv2%2Fcomments&post=5974"}],"wp:featuredmedia":[{"embeddable":true,"href":"https:\/\/numizmatika.beila.hu\/index.php?rest_route=\/wp\/v2\/media\/5975"}],"wp:attachment":[{"href":"https:\/\/numizmatika.beila.hu\/index.php?rest_route=%2Fwp%2Fv2%2Fmedia&parent=5974"}],"wp:term":[{"taxonomy":"product_cat","embeddable":true,"href":"https:\/\/numizmatika.beila.hu\/index.php?rest_route=%2Fwp%2Fv2%2Fproduct_cat&post=5974"},{"taxonomy":"product_tag","embeddable":true,"href":"https:\/\/numizmatika.beila.hu\/index.php?rest_route=%2Fwp%2Fv2%2Fproduct_tag&post=5974"}],"curies":[{"name":"wp","href":"https:\/\/api.w.org\/{rel}","templated":true}]}}