{"id":598,"date":"2018-01-01T12:10:20","date_gmt":"2018-01-01T12:10:20","guid":{"rendered":"https:\/\/numizmatika.beila.hu\/?post_type=product&#038;p=598"},"modified":"2024-10-08T13:35:11","modified_gmt":"2024-10-08T13:35:11","slug":"optima-classic-dobozos-fedel","status":"publish","type":"product","link":"https:\/\/numizmatika.beila.hu\/?product=optima-classic-dobozos-fedel","title":{"rendered":"Optima Classic dobozos fed\u00e9l"},"content":{"rendered":"<p>Kiv\u00e1l\u00f3 min\u0151s\u00e9g\u0171 gy\u0171r\u0171s fed\u00e9l Classic-kivitelben \u00e9rm\u00e9k, bankjegyek, b\u00e9lyegek \u00e9s egyebek t\u00e1rol\u00e1s\u00e1ra.<br \/>\nAz integr\u00e1lt, z\u00e1rhat\u00f3 v\u00e9d\u0151toknak k\u00f6sz\u00f6nhet\u0151en gy\u0171jtem\u00e9nye biztos v\u00e9delmet \u00e9lvez a porral \u00e9s kosszal szemben.<br \/>\nK\u00f6nyvk\u00f6t\u00e9szeti kivitel, nemes m\u0171b\u0151rk\u00f6t\u00e9s, er\u0151s 4-gy\u0171r\u0171s mechanika.<br \/>\nT\u00e1rol\u00f3kapacit\u00e1s: ak\u00e1r 15 \u00e9rmetart\u00f3 lap t\u00e1rol\u00e1s\u00e1ra.<br \/>\nSz\u00edn: fekete.<br \/>\nK\u00fcls\u0151 m\u00e9ret: 250x275x55 mm.<br \/>\n<strong>Optima \u00e9rmetart\u00f3 lapokat nem tartalmaz, a k\u00e9p illusztr\u00e1ci\u00f3!<\/strong><\/p>\n","protected":false},"excerpt":{"rendered":"<p>Optima lapokkal b\u0151v\u00edthet\u0151 \u00e9rmetart\u00f3 album.<\/p>\n","protected":false},"featured_media":599,"comment_status":"open","ping_status":"closed","template":"","meta":[],"product_cat":[44],"product_tag":[],"_links":{"self":[{"href":"https:\/\/numizmatika.beila.hu\/index.php?rest_route=\/wp\/v2\/product\/598"}],"collection":[{"href":"https:\/\/numizmatika.beila.hu\/index.php?rest_route=\/wp\/v2\/product"}],"about":[{"href":"https:\/\/numizmatika.beila.hu\/index.php?rest_route=\/wp\/v2\/types\/product"}],"replies":[{"embeddable":true,"href":"https:\/\/numizmatika.beila.hu\/index.php?rest_route=%2Fwp%2Fv2%2Fcomments&post=598"}],"wp:featuredmedia":[{"embeddable":true,"href":"https:\/\/numizmatika.beila.hu\/index.php?rest_route=\/wp\/v2\/media\/599"}],"wp:attachment":[{"href":"https:\/\/numizmatika.beila.hu\/index.php?rest_route=%2Fwp%2Fv2%2Fmedia&parent=598"}],"wp:term":[{"taxonomy":"product_cat","embeddable":true,"href":"https:\/\/numizmatika.beila.hu\/index.php?rest_route=%2Fwp%2Fv2%2Fproduct_cat&post=598"},{"taxonomy":"product_tag","embeddable":true,"href":"https:\/\/numizmatika.beila.hu\/index.php?rest_route=%2Fwp%2Fv2%2Fproduct_tag&post=598"}],"curies":[{"name":"wp","href":"https:\/\/api.w.org\/{rel}","templated":true}]}}