{"id":6124,"date":"2023-04-07T07:47:25","date_gmt":"2023-04-07T07:47:25","guid":{"rendered":"https:\/\/numizmatika.beila.hu\/?post_type=product&#038;p=6124"},"modified":"2023-04-07T07:47:52","modified_gmt":"2023-04-07T07:47:52","slug":"1-korona-1915","status":"publish","type":"product","link":"https:\/\/numizmatika.beila.hu\/?product=1-korona-1915","title":{"rendered":"1 korona (1915)"},"content":{"rendered":"<h2>Csodasz\u00e9p \u00e9rme.<\/h2>\n<p>anyag: ez\u00fcst, Ag.835<br \/>\ns\u00faly: 3,49 g<br \/>\nm\u00e9ret: 20 mm<\/p>\n<p>L\u00e1sd a k\u00e9peket!<\/p>\n<p>Mindig a k\u00e9pen l\u00e1that\u00f3 term\u00e9k ker\u00fcl a v\u00e1s\u00e1rl\u00f3 kez\u00e9be.<\/p>\n","protected":false},"excerpt":{"rendered":"<p>magyar \u00e9rme<\/p>\n","protected":false},"featured_media":6110,"comment_status":"open","ping_status":"closed","template":"","meta":[],"product_cat":[93],"product_tag":[],"_links":{"self":[{"href":"https:\/\/numizmatika.beila.hu\/index.php?rest_route=\/wp\/v2\/product\/6124"}],"collection":[{"href":"https:\/\/numizmatika.beila.hu\/index.php?rest_route=\/wp\/v2\/product"}],"about":[{"href":"https:\/\/numizmatika.beila.hu\/index.php?rest_route=\/wp\/v2\/types\/product"}],"replies":[{"embeddable":true,"href":"https:\/\/numizmatika.beila.hu\/index.php?rest_route=%2Fwp%2Fv2%2Fcomments&post=6124"}],"wp:featuredmedia":[{"embeddable":true,"href":"https:\/\/numizmatika.beila.hu\/index.php?rest_route=\/wp\/v2\/media\/6110"}],"wp:attachment":[{"href":"https:\/\/numizmatika.beila.hu\/index.php?rest_route=%2Fwp%2Fv2%2Fmedia&parent=6124"}],"wp:term":[{"taxonomy":"product_cat","embeddable":true,"href":"https:\/\/numizmatika.beila.hu\/index.php?rest_route=%2Fwp%2Fv2%2Fproduct_cat&post=6124"},{"taxonomy":"product_tag","embeddable":true,"href":"https:\/\/numizmatika.beila.hu\/index.php?rest_route=%2Fwp%2Fv2%2Fproduct_tag&post=6124"}],"curies":[{"name":"wp","href":"https:\/\/api.w.org\/{rel}","templated":true}]}}