{"id":617,"date":"2018-01-01T12:37:14","date_gmt":"2018-01-01T12:37:14","guid":{"rendered":"https:\/\/numizmatika.beila.hu\/?post_type=product&#038;p=617"},"modified":"2024-08-23T09:52:54","modified_gmt":"2024-08-23T09:52:54","slug":"album-200-ermekeretnek","status":"publish","type":"product","link":"https:\/\/numizmatika.beila.hu\/?product=album-200-ermekeretnek","title":{"rendered":"Album 200 db \u00e9rmekeretnek"},"content":{"rendered":"<p>S\u00f6t\u00e9tk\u00e9k album 200 \u00e9rmetart\u00f3 keret elhelyez\u00e9s\u00e9re.<br \/>\n10 er\u0151s, stabilan be\u00e9p\u00edtett v\u00e9d\u0151tok egyenk\u00e9nt 20 \u00e9rmekeret (50&#215;50 mm) sz\u00e1m\u00e1ra.<br \/>\nVatt\u00e1zott fedel\u00e9n ez\u00fcst sz\u00edn\u0171 nyomat.<\/p>\n<p>K\u00fcls\u0151 m\u00e9ret: 245 x 307 x 40 mm.<\/p>\n<p>A k\u00e9pen l\u00e1that\u00f3 \u00e9rm\u00e9k \u00e9s keretek csak illusztr\u00e1ci\u00f3!<\/p>\n","protected":false},"excerpt":{"rendered":"<p>Nem b\u0151v\u00edthet\u0151!<\/p>\n","protected":false},"featured_media":618,"comment_status":"open","ping_status":"closed","template":"","meta":[],"product_cat":[43,44],"product_tag":[],"_links":{"self":[{"href":"https:\/\/numizmatika.beila.hu\/index.php?rest_route=\/wp\/v2\/product\/617"}],"collection":[{"href":"https:\/\/numizmatika.beila.hu\/index.php?rest_route=\/wp\/v2\/product"}],"about":[{"href":"https:\/\/numizmatika.beila.hu\/index.php?rest_route=\/wp\/v2\/types\/product"}],"replies":[{"embeddable":true,"href":"https:\/\/numizmatika.beila.hu\/index.php?rest_route=%2Fwp%2Fv2%2Fcomments&post=617"}],"wp:featuredmedia":[{"embeddable":true,"href":"https:\/\/numizmatika.beila.hu\/index.php?rest_route=\/wp\/v2\/media\/618"}],"wp:attachment":[{"href":"https:\/\/numizmatika.beila.hu\/index.php?rest_route=%2Fwp%2Fv2%2Fmedia&parent=617"}],"wp:term":[{"taxonomy":"product_cat","embeddable":true,"href":"https:\/\/numizmatika.beila.hu\/index.php?rest_route=%2Fwp%2Fv2%2Fproduct_cat&post=617"},{"taxonomy":"product_tag","embeddable":true,"href":"https:\/\/numizmatika.beila.hu\/index.php?rest_route=%2Fwp%2Fv2%2Fproduct_tag&post=617"}],"curies":[{"name":"wp","href":"https:\/\/api.w.org\/{rel}","templated":true}]}}