{"id":6220,"date":"2023-04-07T09:38:19","date_gmt":"2023-04-07T09:38:19","guid":{"rendered":"https:\/\/numizmatika.beila.hu\/?post_type=product&#038;p=6220"},"modified":"2023-04-07T09:40:30","modified_gmt":"2023-04-07T09:40:30","slug":"az-elso-magyar-feliratu-penz-1848-1849","status":"publish","type":"product","link":"https:\/\/numizmatika.beila.hu\/?product=az-elso-magyar-feliratu-penz-1848-1849","title":{"rendered":"Az els\u0151 magyar felirat\u00fa p\u00e9nz (1848-1849)"},"content":{"rendered":"<h2>Csodasz\u00e9p magyar \u00e9rme.<\/h2>\n<p>anyag: ez\u00fcst, Ag.999<br \/>\ns\u00faly: 10,37 g<br \/>\nm\u00e9ret: 35 mm<\/p>\n<p>L\u00e1sd a k\u00e9peket!<\/p>\n<p>Mindig a k\u00e9pen l\u00e1that\u00f3 term\u00e9k ker\u00fcl a v\u00e1s\u00e1rl\u00f3 kez\u00e9be.<\/p>\n<p>Az \u00e1r a k\u00e9pen l\u00e1that\u00f3 \u00f6sszes \u00e9rm\u00e9t tartalmazza!<\/p>\n","protected":false},"excerpt":{"rendered":"<p>magyar \u00e9rme<\/p>\n","protected":false},"featured_media":6209,"comment_status":"open","ping_status":"closed","template":"","meta":[],"product_cat":[67],"product_tag":[],"_links":{"self":[{"href":"https:\/\/numizmatika.beila.hu\/index.php?rest_route=\/wp\/v2\/product\/6220"}],"collection":[{"href":"https:\/\/numizmatika.beila.hu\/index.php?rest_route=\/wp\/v2\/product"}],"about":[{"href":"https:\/\/numizmatika.beila.hu\/index.php?rest_route=\/wp\/v2\/types\/product"}],"replies":[{"embeddable":true,"href":"https:\/\/numizmatika.beila.hu\/index.php?rest_route=%2Fwp%2Fv2%2Fcomments&post=6220"}],"wp:featuredmedia":[{"embeddable":true,"href":"https:\/\/numizmatika.beila.hu\/index.php?rest_route=\/wp\/v2\/media\/6209"}],"wp:attachment":[{"href":"https:\/\/numizmatika.beila.hu\/index.php?rest_route=%2Fwp%2Fv2%2Fmedia&parent=6220"}],"wp:term":[{"taxonomy":"product_cat","embeddable":true,"href":"https:\/\/numizmatika.beila.hu\/index.php?rest_route=%2Fwp%2Fv2%2Fproduct_cat&post=6220"},{"taxonomy":"product_tag","embeddable":true,"href":"https:\/\/numizmatika.beila.hu\/index.php?rest_route=%2Fwp%2Fv2%2Fproduct_tag&post=6220"}],"curies":[{"name":"wp","href":"https:\/\/api.w.org\/{rel}","templated":true}]}}