{"id":627,"date":"2018-01-01T13:19:14","date_gmt":"2018-01-01T13:19:14","guid":{"rendered":"https:\/\/numizmatika.beila.hu\/?post_type=product&#038;p=627"},"modified":"2024-10-08T13:41:55","modified_gmt":"2024-10-08T13:41:55","slug":"grande-classic-signum-bankjegyalbum","status":"publish","type":"product","link":"https:\/\/numizmatika.beila.hu\/?product=grande-classic-signum-bankjegyalbum","title":{"rendered":"Grande Classic Signum bankjegyalbum"},"content":{"rendered":"<p>Exkluz\u00edv gy\u0171r\u0171s fed\u00e9l \u00e9s v\u00e9d\u0151tok feliratoz\u00e1si lehet\u0151s\u00e9ggel.<\/p>\n<p>Egy\u00e9ni felirataival gy\u0171jtem\u00e9nye rendezett \u00e9s \u00e1ttekinthet\u0151 lesz. A felirat ut\u00f3lag a pap\u00edrbet\u00e9t cser\u00e9j\u00e9vel egyszer\u0171en megv\u00e1ltoztathat\u00f3.<br \/>\nA pap\u00edrbet\u00e9t v\u00e9delm\u00e9t egy \u00e1tl\u00e1tsz\u00f3 m\u0171anyag bet\u00e9t biztos\u00edtja.<br \/>\nA berak\u00f3 k\u00f6nyvk\u00f6t\u00e9szeti kidolgozotts\u00e1g\u00fa.<br \/>\nEr\u0151s, 4-D-gy\u0171r\u0171s mechanika.<br \/>\nHozz\u00e1ill\u0151 v\u00e9d\u0151kazett\u00e1val.<br \/>\nK\u00fcls\u0151 m\u00e9ret: 295 x 335 x 70 mm.<br \/>\nSz\u00ednek: Bord\u00f3, z\u00f6ld, k\u00e9k, fekete.<br \/>\nAz \u00e1r 1 db-ra vonatkozik!<br \/>\nGrande lapok n\u00e9lk\u00fcl!<\/p>\n","protected":false},"excerpt":{"rendered":"<p>Grande bankjegylapokkal b\u0151v\u00edthet\u0151 album.<\/p>\n","protected":false},"featured_media":628,"comment_status":"open","ping_status":"closed","template":"","meta":[],"product_cat":[55],"product_tag":[],"_links":{"self":[{"href":"https:\/\/numizmatika.beila.hu\/index.php?rest_route=\/wp\/v2\/product\/627"}],"collection":[{"href":"https:\/\/numizmatika.beila.hu\/index.php?rest_route=\/wp\/v2\/product"}],"about":[{"href":"https:\/\/numizmatika.beila.hu\/index.php?rest_route=\/wp\/v2\/types\/product"}],"replies":[{"embeddable":true,"href":"https:\/\/numizmatika.beila.hu\/index.php?rest_route=%2Fwp%2Fv2%2Fcomments&post=627"}],"wp:featuredmedia":[{"embeddable":true,"href":"https:\/\/numizmatika.beila.hu\/index.php?rest_route=\/wp\/v2\/media\/628"}],"wp:attachment":[{"href":"https:\/\/numizmatika.beila.hu\/index.php?rest_route=%2Fwp%2Fv2%2Fmedia&parent=627"}],"wp:term":[{"taxonomy":"product_cat","embeddable":true,"href":"https:\/\/numizmatika.beila.hu\/index.php?rest_route=%2Fwp%2Fv2%2Fproduct_cat&post=627"},{"taxonomy":"product_tag","embeddable":true,"href":"https:\/\/numizmatika.beila.hu\/index.php?rest_route=%2Fwp%2Fv2%2Fproduct_tag&post=627"}],"curies":[{"name":"wp","href":"https:\/\/api.w.org\/{rel}","templated":true}]}}