{"id":6274,"date":"2023-04-07T10:58:03","date_gmt":"2023-04-07T10:58:03","guid":{"rendered":"https:\/\/numizmatika.beila.hu\/?post_type=product&#038;p=6274"},"modified":"2023-04-07T10:58:38","modified_gmt":"2023-04-07T10:58:38","slug":"toth-sandor-1985-laszlo-kiraly-szabolcsi-foldvar","status":"publish","type":"product","link":"https:\/\/numizmatika.beila.hu\/?product=toth-sandor-1985-laszlo-kiraly-szabolcsi-foldvar","title":{"rendered":"T\u00f3th S\u00e1ndor &#8211; 1985. L\u00e1szl\u00f3 kir\u00e1ly \/ Szabolcsi F\u00f6ldv\u00e1r"},"content":{"rendered":"<h2>Csodasz\u00e9p magyar \u00e9rme.<\/h2>\n<p>anyag: bronz<br \/>\nm\u00e9ret: 42,5 mm<\/p>\n<p>L\u00e1sd a k\u00e9peket!<\/p>\n<p>Mindig a k\u00e9pen l\u00e1that\u00f3 term\u00e9k ker\u00fcl a v\u00e1s\u00e1rl\u00f3 kez\u00e9be.<\/p>\n","protected":false},"excerpt":{"rendered":"<p>magyar \u00e9rme<\/p>\n","protected":false},"featured_media":6266,"comment_status":"open","ping_status":"closed","template":"","meta":[],"product_cat":[66],"product_tag":[],"_links":{"self":[{"href":"https:\/\/numizmatika.beila.hu\/index.php?rest_route=\/wp\/v2\/product\/6274"}],"collection":[{"href":"https:\/\/numizmatika.beila.hu\/index.php?rest_route=\/wp\/v2\/product"}],"about":[{"href":"https:\/\/numizmatika.beila.hu\/index.php?rest_route=\/wp\/v2\/types\/product"}],"replies":[{"embeddable":true,"href":"https:\/\/numizmatika.beila.hu\/index.php?rest_route=%2Fwp%2Fv2%2Fcomments&post=6274"}],"wp:featuredmedia":[{"embeddable":true,"href":"https:\/\/numizmatika.beila.hu\/index.php?rest_route=\/wp\/v2\/media\/6266"}],"wp:attachment":[{"href":"https:\/\/numizmatika.beila.hu\/index.php?rest_route=%2Fwp%2Fv2%2Fmedia&parent=6274"}],"wp:term":[{"taxonomy":"product_cat","embeddable":true,"href":"https:\/\/numizmatika.beila.hu\/index.php?rest_route=%2Fwp%2Fv2%2Fproduct_cat&post=6274"},{"taxonomy":"product_tag","embeddable":true,"href":"https:\/\/numizmatika.beila.hu\/index.php?rest_route=%2Fwp%2Fv2%2Fproduct_tag&post=6274"}],"curies":[{"name":"wp","href":"https:\/\/api.w.org\/{rel}","templated":true}]}}