{"id":6295,"date":"2023-04-07T11:03:42","date_gmt":"2023-04-07T11:03:42","guid":{"rendered":"https:\/\/numizmatika.beila.hu\/?post_type=product&#038;p=6295"},"modified":"2023-04-07T11:04:25","modified_gmt":"2023-04-07T11:04:25","slug":"bognar-gyorgy-1987-aradi-vertanuk-emlekere-nagysandor-jozsef","status":"publish","type":"product","link":"https:\/\/numizmatika.beila.hu\/?product=bognar-gyorgy-1987-aradi-vertanuk-emlekere-nagysandor-jozsef","title":{"rendered":"Bogn\u00e1r Gy\u00f6rgy &#8211; 1987. Aradi v\u00e9rtan\u00fak eml\u00e9k\u00e9re \/ Nagys\u00e1ndor J\u00f3zsef"},"content":{"rendered":"<h2>Csodasz\u00e9p \u00e9rme.<\/h2>\n<p>anyag: bronz<br \/>\nm\u00e9ret: 42,5 mm<\/p>\n<p>L\u00e1sd a k\u00e9peket!<\/p>\n<p>Mindig a k\u00e9pen l\u00e1that\u00f3 term\u00e9k ker\u00fcl a v\u00e1s\u00e1rl\u00f3 kez\u00e9be.<\/p>\n","protected":false},"excerpt":{"rendered":"<p>magyar \u00e9rme<\/p>\n","protected":false},"featured_media":6284,"comment_status":"open","ping_status":"closed","template":"","meta":[],"product_cat":[66],"product_tag":[],"_links":{"self":[{"href":"https:\/\/numizmatika.beila.hu\/index.php?rest_route=\/wp\/v2\/product\/6295"}],"collection":[{"href":"https:\/\/numizmatika.beila.hu\/index.php?rest_route=\/wp\/v2\/product"}],"about":[{"href":"https:\/\/numizmatika.beila.hu\/index.php?rest_route=\/wp\/v2\/types\/product"}],"replies":[{"embeddable":true,"href":"https:\/\/numizmatika.beila.hu\/index.php?rest_route=%2Fwp%2Fv2%2Fcomments&post=6295"}],"wp:featuredmedia":[{"embeddable":true,"href":"https:\/\/numizmatika.beila.hu\/index.php?rest_route=\/wp\/v2\/media\/6284"}],"wp:attachment":[{"href":"https:\/\/numizmatika.beila.hu\/index.php?rest_route=%2Fwp%2Fv2%2Fmedia&parent=6295"}],"wp:term":[{"taxonomy":"product_cat","embeddable":true,"href":"https:\/\/numizmatika.beila.hu\/index.php?rest_route=%2Fwp%2Fv2%2Fproduct_cat&post=6295"},{"taxonomy":"product_tag","embeddable":true,"href":"https:\/\/numizmatika.beila.hu\/index.php?rest_route=%2Fwp%2Fv2%2Fproduct_tag&post=6295"}],"curies":[{"name":"wp","href":"https:\/\/api.w.org\/{rel}","templated":true}]}}