{"id":630,"date":"2018-01-01T13:22:10","date_gmt":"2018-01-01T13:22:10","guid":{"rendered":"https:\/\/numizmatika.beila.hu\/?post_type=product&#038;p=630"},"modified":"2024-10-08T13:41:32","modified_gmt":"2024-10-08T13:41:32","slug":"grande-classic-gigant-album","status":"publish","type":"product","link":"https:\/\/numizmatika.beila.hu\/?product=grande-classic-gigant-album","title":{"rendered":"Grande Classic Gigant album"},"content":{"rendered":"<p>Nagy t\u00e1rol\u00f3kapacit\u00e1s: ak\u00e1r 80 tok is elf\u00e9r benne.<br \/>\nK\u00f6nyvk\u00f6t\u00e9szeti kivitel.<br \/>\nM\u0171b\u0151rk\u00f6t\u00e9s\u00e9t v\u00e9d\u0151karton v\u00e9di.<br \/>\nT\u00e1rol\u00f3kapacit\u00e1s: 80 db Grande bankjegylap.<br \/>\nEr\u0151s 4-D-gy\u0171r\u0171s mechanika.<br \/>\nSz\u00ednek: bord\u00f3, feny\u0151 z\u00f6ld, kir\u00e1lyk\u00e9k, fekete.<br \/>\nK\u00fcls\u0151 m\u00e9ret: 302 x 335 x 105 mm.<br \/>\nGrande bankjegylapok n\u00e9lk\u00fcl.<\/p>\n","protected":false},"excerpt":{"rendered":"<p>Grande bankjegylapokkal b\u0151v\u00edthet\u0151 album.<\/p>\n","protected":false},"featured_media":631,"comment_status":"open","ping_status":"closed","template":"","meta":[],"product_cat":[55],"product_tag":[],"_links":{"self":[{"href":"https:\/\/numizmatika.beila.hu\/index.php?rest_route=\/wp\/v2\/product\/630"}],"collection":[{"href":"https:\/\/numizmatika.beila.hu\/index.php?rest_route=\/wp\/v2\/product"}],"about":[{"href":"https:\/\/numizmatika.beila.hu\/index.php?rest_route=\/wp\/v2\/types\/product"}],"replies":[{"embeddable":true,"href":"https:\/\/numizmatika.beila.hu\/index.php?rest_route=%2Fwp%2Fv2%2Fcomments&post=630"}],"wp:featuredmedia":[{"embeddable":true,"href":"https:\/\/numizmatika.beila.hu\/index.php?rest_route=\/wp\/v2\/media\/631"}],"wp:attachment":[{"href":"https:\/\/numizmatika.beila.hu\/index.php?rest_route=%2Fwp%2Fv2%2Fmedia&parent=630"}],"wp:term":[{"taxonomy":"product_cat","embeddable":true,"href":"https:\/\/numizmatika.beila.hu\/index.php?rest_route=%2Fwp%2Fv2%2Fproduct_cat&post=630"},{"taxonomy":"product_tag","embeddable":true,"href":"https:\/\/numizmatika.beila.hu\/index.php?rest_route=%2Fwp%2Fv2%2Fproduct_tag&post=630"}],"curies":[{"name":"wp","href":"https:\/\/api.w.org\/{rel}","templated":true}]}}