{"id":6387,"date":"2023-04-12T11:40:12","date_gmt":"2023-04-12T11:40:12","guid":{"rendered":"https:\/\/numizmatika.beila.hu\/?post_type=product&#038;p=6387"},"modified":"2023-04-12T11:48:32","modified_gmt":"2023-04-12T11:48:32","slug":"mkp-megalakulasanak-50-evfordulojara-bronz-emlekplakettdoboz","status":"publish","type":"product","link":"https:\/\/numizmatika.beila.hu\/?product=mkp-megalakulasanak-50-evfordulojara-bronz-emlekplakettdoboz","title":{"rendered":"MKP megalakul\u00e1s\u00e1nak 50. \u00e9vfordul\u00f3j\u00e1ra bronz eml\u00e9kplakett+doboz"},"content":{"rendered":"<h2>Kit\u00fcntet\u00e9sek, eml\u00e9kplakettek szerte a Vil\u00e1gb\u00f3l!<\/h2>\n<p>Kiad\u00e1si \u00e9v: 1968<br \/>\nel\u0151lap: 1918-1968, Lenin<br \/>\nh\u00e1tlap: MSZMP K\u00f6zponti Bizotts\u00e1ga agit\u00e1ci\u00f3s \u00e9s propaganda oszt\u00e1lya<br \/>\nanyag: bronz<\/p>\n<p>Mindig a k\u00e9pen l\u00e1that\u00f3 term\u00e9k ker\u00fcl a v\u00e1s\u00e1rl\u00f3 kez\u00e9be.<\/p>\n","protected":false},"excerpt":{"rendered":"<p>magyar \u00e9rme<\/p>\n","protected":false},"featured_media":6389,"comment_status":"open","ping_status":"closed","template":"","meta":[],"product_cat":[82],"product_tag":[],"_links":{"self":[{"href":"https:\/\/numizmatika.beila.hu\/index.php?rest_route=\/wp\/v2\/product\/6387"}],"collection":[{"href":"https:\/\/numizmatika.beila.hu\/index.php?rest_route=\/wp\/v2\/product"}],"about":[{"href":"https:\/\/numizmatika.beila.hu\/index.php?rest_route=\/wp\/v2\/types\/product"}],"replies":[{"embeddable":true,"href":"https:\/\/numizmatika.beila.hu\/index.php?rest_route=%2Fwp%2Fv2%2Fcomments&post=6387"}],"wp:featuredmedia":[{"embeddable":true,"href":"https:\/\/numizmatika.beila.hu\/index.php?rest_route=\/wp\/v2\/media\/6389"}],"wp:attachment":[{"href":"https:\/\/numizmatika.beila.hu\/index.php?rest_route=%2Fwp%2Fv2%2Fmedia&parent=6387"}],"wp:term":[{"taxonomy":"product_cat","embeddable":true,"href":"https:\/\/numizmatika.beila.hu\/index.php?rest_route=%2Fwp%2Fv2%2Fproduct_cat&post=6387"},{"taxonomy":"product_tag","embeddable":true,"href":"https:\/\/numizmatika.beila.hu\/index.php?rest_route=%2Fwp%2Fv2%2Fproduct_tag&post=6387"}],"curies":[{"name":"wp","href":"https:\/\/api.w.org\/{rel}","templated":true}]}}