{"id":6391,"date":"2023-04-12T11:48:56","date_gmt":"2023-04-12T11:48:56","guid":{"rendered":"https:\/\/numizmatika.beila.hu\/?post_type=product&#038;p=6391"},"modified":"2023-04-12T11:50:34","modified_gmt":"2023-04-12T11:50:34","slug":"munka-erdemerem-dobozaban-igazolvany","status":"publish","type":"product","link":"https:\/\/numizmatika.beila.hu\/?product=munka-erdemerem-dobozaban-igazolvany","title":{"rendered":"Munka \u00e9rdem\u00e9rem doboz\u00e1ban + igazolv\u00e1ny"},"content":{"rendered":"<h2>Kit\u00fcntet\u00e9sek szerte a Vil\u00e1gb\u00f3l!<\/h2>\n<p>Kiad\u00e1si \u00e9v: 1955<\/p>\n<p>Mindig a k\u00e9pen l\u00e1that\u00f3 term\u00e9k ker\u00fcl a v\u00e1s\u00e1rl\u00f3 kez\u00e9be.<\/p>\n","protected":false},"excerpt":{"rendered":"<p>magyar \u00e9rme<\/p>\n","protected":false},"featured_media":6392,"comment_status":"open","ping_status":"closed","template":"","meta":[],"product_cat":[82],"product_tag":[],"_links":{"self":[{"href":"https:\/\/numizmatika.beila.hu\/index.php?rest_route=\/wp\/v2\/product\/6391"}],"collection":[{"href":"https:\/\/numizmatika.beila.hu\/index.php?rest_route=\/wp\/v2\/product"}],"about":[{"href":"https:\/\/numizmatika.beila.hu\/index.php?rest_route=\/wp\/v2\/types\/product"}],"replies":[{"embeddable":true,"href":"https:\/\/numizmatika.beila.hu\/index.php?rest_route=%2Fwp%2Fv2%2Fcomments&post=6391"}],"wp:featuredmedia":[{"embeddable":true,"href":"https:\/\/numizmatika.beila.hu\/index.php?rest_route=\/wp\/v2\/media\/6392"}],"wp:attachment":[{"href":"https:\/\/numizmatika.beila.hu\/index.php?rest_route=%2Fwp%2Fv2%2Fmedia&parent=6391"}],"wp:term":[{"taxonomy":"product_cat","embeddable":true,"href":"https:\/\/numizmatika.beila.hu\/index.php?rest_route=%2Fwp%2Fv2%2Fproduct_cat&post=6391"},{"taxonomy":"product_tag","embeddable":true,"href":"https:\/\/numizmatika.beila.hu\/index.php?rest_route=%2Fwp%2Fv2%2Fproduct_tag&post=6391"}],"curies":[{"name":"wp","href":"https:\/\/api.w.org\/{rel}","templated":true}]}}