{"id":645,"date":"2018-01-01T13:47:56","date_gmt":"2018-01-01T13:47:56","guid":{"rendered":"https:\/\/numizmatika.beila.hu\/?post_type=product&#038;p=645"},"modified":"2024-03-13T14:14:00","modified_gmt":"2024-03-13T14:14:00","slug":"numis-bankjegyalbum","status":"publish","type":"product","link":"https:\/\/numizmatika.beila.hu\/?product=numis-bankjegyalbum","title":{"rendered":"NUMIS bankjegyalbum"},"content":{"rendered":"<p>Komplett album Classic kivitelben, megfelel\u0151 v\u00e9d\u0151tokkal.<br \/>\nK\u00f6nyvk\u00f6t\u00e9szetileg kidolgozott m\u0171b\u0151r berak\u00f3 4-gy\u0171r\u0171s mechanik\u00e1val, 10 db v\u00edztiszta NUMIS 2C lappal \u00e9s 10 db v\u00edztisza NUMIS 3C lappal.<br \/>\nSz\u00edn: k\u00e9k<\/p>\n<p>K\u00fcls\u0151 m\u00e9ret: 235 x 240 x 60 mm.<\/p>\n","protected":false},"excerpt":{"rendered":"<p>NUMIS bankjegylapokkal b\u0151v\u00edthet\u0151 album.<\/p>\n","protected":false},"featured_media":646,"comment_status":"open","ping_status":"closed","template":"","meta":[],"product_cat":[55,101,91],"product_tag":[],"_links":{"self":[{"href":"https:\/\/numizmatika.beila.hu\/index.php?rest_route=\/wp\/v2\/product\/645"}],"collection":[{"href":"https:\/\/numizmatika.beila.hu\/index.php?rest_route=\/wp\/v2\/product"}],"about":[{"href":"https:\/\/numizmatika.beila.hu\/index.php?rest_route=\/wp\/v2\/types\/product"}],"replies":[{"embeddable":true,"href":"https:\/\/numizmatika.beila.hu\/index.php?rest_route=%2Fwp%2Fv2%2Fcomments&post=645"}],"wp:featuredmedia":[{"embeddable":true,"href":"https:\/\/numizmatika.beila.hu\/index.php?rest_route=\/wp\/v2\/media\/646"}],"wp:attachment":[{"href":"https:\/\/numizmatika.beila.hu\/index.php?rest_route=%2Fwp%2Fv2%2Fmedia&parent=645"}],"wp:term":[{"taxonomy":"product_cat","embeddable":true,"href":"https:\/\/numizmatika.beila.hu\/index.php?rest_route=%2Fwp%2Fv2%2Fproduct_cat&post=645"},{"taxonomy":"product_tag","embeddable":true,"href":"https:\/\/numizmatika.beila.hu\/index.php?rest_route=%2Fwp%2Fv2%2Fproduct_tag&post=645"}],"curies":[{"name":"wp","href":"https:\/\/api.w.org\/{rel}","templated":true}]}}