{"id":648,"date":"2018-01-01T13:53:46","date_gmt":"2018-01-01T13:53:46","guid":{"rendered":"https:\/\/numizmatika.beila.hu\/?post_type=product&#038;p=648"},"modified":"2024-10-08T13:43:13","modified_gmt":"2024-10-08T13:43:13","slug":"numis-bankjegylap","status":"publish","type":"product","link":"https:\/\/numizmatika.beila.hu\/?product=numis-bankjegylap","title":{"rendered":"NUMIS bankjegylap"},"content":{"rendered":"<p>1 csomagban 10 db azonos oszt\u00e1s\u00fa lap van.<\/p>\n<p>T\u00edpusok:<\/p>\n<p>1. 1-es oszt\u00e1s\u00fa 165 x 219 mm.<br \/>\n2. 2-es oszt\u00e1s\u00fa 165 x 107 mm.<br \/>\n3. 3-as oszt\u00e1s\u00fa 165 x 70 mm.<br \/>\n4. ZWL feh\u00e9r elv\u00e1laszt\u00f3lap.<\/p>\n<p>K\u00fcls\u0151 m\u00e9ret NUMIS 1C-3C: 193 x 217 mm (10 db\/csomag)<\/p>\n","protected":false},"excerpt":{"rendered":"<p>NUMIS bankjegyalbumba val\u00f3 lapok.<\/p>\n","protected":false},"featured_media":649,"comment_status":"open","ping_status":"closed","template":"","meta":[],"product_cat":[56],"product_tag":[],"_links":{"self":[{"href":"https:\/\/numizmatika.beila.hu\/index.php?rest_route=\/wp\/v2\/product\/648"}],"collection":[{"href":"https:\/\/numizmatika.beila.hu\/index.php?rest_route=\/wp\/v2\/product"}],"about":[{"href":"https:\/\/numizmatika.beila.hu\/index.php?rest_route=\/wp\/v2\/types\/product"}],"replies":[{"embeddable":true,"href":"https:\/\/numizmatika.beila.hu\/index.php?rest_route=%2Fwp%2Fv2%2Fcomments&post=648"}],"wp:featuredmedia":[{"embeddable":true,"href":"https:\/\/numizmatika.beila.hu\/index.php?rest_route=\/wp\/v2\/media\/649"}],"wp:attachment":[{"href":"https:\/\/numizmatika.beila.hu\/index.php?rest_route=%2Fwp%2Fv2%2Fmedia&parent=648"}],"wp:term":[{"taxonomy":"product_cat","embeddable":true,"href":"https:\/\/numizmatika.beila.hu\/index.php?rest_route=%2Fwp%2Fv2%2Fproduct_cat&post=648"},{"taxonomy":"product_tag","embeddable":true,"href":"https:\/\/numizmatika.beila.hu\/index.php?rest_route=%2Fwp%2Fv2%2Fproduct_tag&post=648"}],"curies":[{"name":"wp","href":"https:\/\/api.w.org\/{rel}","templated":true}]}}