{"id":653,"date":"2018-01-01T14:04:16","date_gmt":"2018-01-01T14:04:16","guid":{"rendered":"https:\/\/numizmatika.beila.hu\/?post_type=product&#038;p=653"},"modified":"2023-01-30T14:58:03","modified_gmt":"2023-01-30T14:58:03","slug":"bills-bankjegyalbum","status":"publish","type":"product","link":"https:\/\/numizmatika.beila.hu\/?product=bills-bankjegyalbum","title":{"rendered":"BILLS bankjegyalbum"},"content":{"rendered":"<p>Kiv\u00e1l\u00f3 min\u0151s\u00e9g\u0171 album 100 db er\u0151sen r\u00f6gz\u00edtett v\u00e9d\u0151tokkal 300 db bankjegy t\u00e1rol\u00e1s\u00e1ra.<br \/>\nA bankjegyek k\u00fcl\u00f6nleges v\u00e9delm\u00e9t a 100% sav- \u00e9s l\u00e1gy\u00edt\u00f3szermentes v\u00e9d\u0151tokok biztos\u00edtj\u00e1k.<br \/>\nA vil\u00e1g sok orsz\u00e1g\u00e1b\u00f3l sz\u00e1rmaz\u00f3, sz\u00ednes bankjegyekkel d\u00edsz\u00edtett fed\u00e9lnek k\u00f6sz\u00f6nhet\u0151en az album igen vonz\u00f3 l\u00e1tnival\u00f3.<br \/>\nCs\u00fasz\u00e1smentes bevonat\u00e1nak k\u00f6sz\u00f6nhet\u0151en praktikus \u00e9s tart\u00f3s seg\u00e9deszk\u00f6z.<br \/>\nK\u00fcls\u0151 m\u00e9ret: 245 x 300 x 60 mm.<br \/>\nA k\u00e9p csak illusztr\u00e1ci\u00f3! A bankjegyek nem r\u00e9sze az aj\u00e1nlatnak.<\/p>\n","protected":false},"excerpt":{"rendered":"<p>Nem b\u0151v\u00edthet\u0151 bankjegyalbum.<\/p>\n","protected":false},"featured_media":654,"comment_status":"open","ping_status":"closed","template":"","meta":[],"product_cat":[55,101,91],"product_tag":[],"_links":{"self":[{"href":"https:\/\/numizmatika.beila.hu\/index.php?rest_route=\/wp\/v2\/product\/653"}],"collection":[{"href":"https:\/\/numizmatika.beila.hu\/index.php?rest_route=\/wp\/v2\/product"}],"about":[{"href":"https:\/\/numizmatika.beila.hu\/index.php?rest_route=\/wp\/v2\/types\/product"}],"replies":[{"embeddable":true,"href":"https:\/\/numizmatika.beila.hu\/index.php?rest_route=%2Fwp%2Fv2%2Fcomments&post=653"}],"wp:featuredmedia":[{"embeddable":true,"href":"https:\/\/numizmatika.beila.hu\/index.php?rest_route=\/wp\/v2\/media\/654"}],"wp:attachment":[{"href":"https:\/\/numizmatika.beila.hu\/index.php?rest_route=%2Fwp%2Fv2%2Fmedia&parent=653"}],"wp:term":[{"taxonomy":"product_cat","embeddable":true,"href":"https:\/\/numizmatika.beila.hu\/index.php?rest_route=%2Fwp%2Fv2%2Fproduct_cat&post=653"},{"taxonomy":"product_tag","embeddable":true,"href":"https:\/\/numizmatika.beila.hu\/index.php?rest_route=%2Fwp%2Fv2%2Fproduct_tag&post=653"}],"curies":[{"name":"wp","href":"https:\/\/api.w.org\/{rel}","templated":true}]}}