{"id":6533,"date":"2024-03-27T15:14:12","date_gmt":"2024-03-27T15:14:12","guid":{"rendered":"https:\/\/numizmatika.beila.hu\/?post_type=product&#038;p=6533"},"modified":"2024-03-27T15:16:51","modified_gmt":"2024-03-27T15:16:51","slug":"20000-forint-2-db-sorszamkoveto-aunc-bankjegy-2008-gd","status":"publish","type":"product","link":"https:\/\/numizmatika.beila.hu\/?product=20000-forint-2-db-sorszamkoveto-aunc-bankjegy-2008-gd","title":{"rendered":"20000 forint \/ 2 db sorsz\u00e1mk\u00f6vet\u0151 aUNC bankjegy (2008 GD)"},"content":{"rendered":"<h2><strong>Csodasz\u00e9p magyar sorsz\u00e1mk\u00f6vet\u0151 bankjegy!<\/strong><\/h2>\n<p>A k\u00e9pen l\u00e1that\u00f3 term\u00e9k ker\u00fcl a kedves v\u00e1s\u00e1rl\u00f3 kez\u00e9be.<\/p>\n<p>Az \u00e1r a 2 db sorsz\u00e1mk\u00f6vet\u0151 bankjegyre vonatkozik!<\/p>\n<p>Minden bankjegy h\u00e1tlapj\u00e1t is felt\u00f6lt\u00f6ttem, hogy eg\u00e9szen pontosan l\u00e1that\u00f3 legyen a bankjegy mindk\u00e9t oldala.<\/p>\n<p>L\u00e1sd a k\u00e9peket!<\/p>\n","protected":false},"excerpt":{"rendered":"<p>Kiv\u00e1l\u00f3 magyar bankjegy!<\/p>\n","protected":false},"featured_media":6534,"comment_status":"open","ping_status":"closed","template":"","meta":[],"product_cat":[132],"product_tag":[],"_links":{"self":[{"href":"https:\/\/numizmatika.beila.hu\/index.php?rest_route=\/wp\/v2\/product\/6533"}],"collection":[{"href":"https:\/\/numizmatika.beila.hu\/index.php?rest_route=\/wp\/v2\/product"}],"about":[{"href":"https:\/\/numizmatika.beila.hu\/index.php?rest_route=\/wp\/v2\/types\/product"}],"replies":[{"embeddable":true,"href":"https:\/\/numizmatika.beila.hu\/index.php?rest_route=%2Fwp%2Fv2%2Fcomments&post=6533"}],"wp:featuredmedia":[{"embeddable":true,"href":"https:\/\/numizmatika.beila.hu\/index.php?rest_route=\/wp\/v2\/media\/6534"}],"wp:attachment":[{"href":"https:\/\/numizmatika.beila.hu\/index.php?rest_route=%2Fwp%2Fv2%2Fmedia&parent=6533"}],"wp:term":[{"taxonomy":"product_cat","embeddable":true,"href":"https:\/\/numizmatika.beila.hu\/index.php?rest_route=%2Fwp%2Fv2%2Fproduct_cat&post=6533"},{"taxonomy":"product_tag","embeddable":true,"href":"https:\/\/numizmatika.beila.hu\/index.php?rest_route=%2Fwp%2Fv2%2Fproduct_tag&post=6533"}],"curies":[{"name":"wp","href":"https:\/\/api.w.org\/{rel}","templated":true}]}}