{"id":660,"date":"2018-01-01T14:18:50","date_gmt":"2018-01-01T14:18:50","guid":{"rendered":"https:\/\/numizmatika.beila.hu\/?post_type=product&#038;p=660"},"modified":"2024-10-08T13:52:42","modified_gmt":"2024-10-08T13:52:42","slug":"zsebalbum-bankjegyeknek","status":"publish","type":"product","link":"https:\/\/numizmatika.beila.hu\/?product=zsebalbum-bankjegyeknek","title":{"rendered":"Zsebalbum bankjegyeknek"},"content":{"rendered":"<p>Praktikus bankjegyalbum 20 db er\u0151sen r\u00f6gz\u00edtett, v\u00edztiszta v\u00e9d\u0151tokkal, melyek a bankjegyek el\u0151- \u00e9s h\u00e1toldal\u00e1nak megtekint\u00e9s\u00e9t egyar\u00e1nt lehet\u0151v\u00e9 teszik.<br \/>\nA praktikus m\u00e9ret miatt k\u00f6nnyed\u00e9n elhelyezheti k\u00e9zit\u00e1sk\u00e1j\u00e1ban, irattart\u00f3 mapp\u00e1j\u00e1ban, eleg\u00e1ns t\u00e1sk\u00e1j\u00e1ban \u00e9s \u00edgy k\u00e9nyelmesen mag\u00e1val viheti a b\u00f6rz\u00e9kre is.<br \/>\nVatt\u00e1zott fed\u00e9l, aranysz\u00edn\u0171 fed\u00e9lnyomat.<br \/>\nSz\u00edn: s\u00f6t\u00e9tk\u00e9k.<br \/>\nI. t\u00edpus: K\u00fcls\u0151 m\u00e9ret: 205 x 25 x 120 mm. (182 x 92 mm m\u00e9retig bankjegyek sz\u00e1m\u00e1ra)<br \/>\nII. t\u00edpus: K\u00fcls\u0151 m\u00e9ret: 230 x 20 x 155 mm. (210 x 125 mm m\u00e9retig bankjegyek sz\u00e1m\u00e1ra)<\/p>\n","protected":false},"excerpt":{"rendered":"<p>Nem b\u0151v\u00edthet\u0151 bankjegy zsebalbum.<\/p>\n","protected":false},"featured_media":661,"comment_status":"open","ping_status":"closed","template":"","meta":[],"product_cat":[55,91],"product_tag":[],"_links":{"self":[{"href":"https:\/\/numizmatika.beila.hu\/index.php?rest_route=\/wp\/v2\/product\/660"}],"collection":[{"href":"https:\/\/numizmatika.beila.hu\/index.php?rest_route=\/wp\/v2\/product"}],"about":[{"href":"https:\/\/numizmatika.beila.hu\/index.php?rest_route=\/wp\/v2\/types\/product"}],"replies":[{"embeddable":true,"href":"https:\/\/numizmatika.beila.hu\/index.php?rest_route=%2Fwp%2Fv2%2Fcomments&post=660"}],"wp:featuredmedia":[{"embeddable":true,"href":"https:\/\/numizmatika.beila.hu\/index.php?rest_route=\/wp\/v2\/media\/661"}],"wp:attachment":[{"href":"https:\/\/numizmatika.beila.hu\/index.php?rest_route=%2Fwp%2Fv2%2Fmedia&parent=660"}],"wp:term":[{"taxonomy":"product_cat","embeddable":true,"href":"https:\/\/numizmatika.beila.hu\/index.php?rest_route=%2Fwp%2Fv2%2Fproduct_cat&post=660"},{"taxonomy":"product_tag","embeddable":true,"href":"https:\/\/numizmatika.beila.hu\/index.php?rest_route=%2Fwp%2Fv2%2Fproduct_tag&post=660"}],"curies":[{"name":"wp","href":"https:\/\/api.w.org\/{rel}","templated":true}]}}