{"id":665,"date":"2018-01-01T14:25:52","date_gmt":"2018-01-01T14:25:52","guid":{"rendered":"https:\/\/numizmatika.beila.hu\/?post_type=product&#038;p=665"},"modified":"2024-10-08T13:24:14","modified_gmt":"2024-10-08T13:24:14","slug":"bankjegyvedo-tok","status":"publish","type":"product","link":"https:\/\/numizmatika.beila.hu\/?product=bankjegyvedo-tok","title":{"rendered":"Bankjegyv\u00e9d\u0151 tok"},"content":{"rendered":"<p>A tokok 3 oldalon z\u00e1rtak (alul, bal \u00e9s jobb oldalon \u00f6ssze vannak heggesztve), fel\u00fcl nyitottak.<br \/>\nA bankjegyek behelyez\u00e9se \u00e9s kiv\u00e9tele k\u00f6nny\u0171.<br \/>\nA kezel\u00e9s sor\u00e1n a bankjegyek nem s\u00e9r\u00fclnek.<br \/>\nA v\u00edztiszta v\u00e9d\u0151tok a bankjegyek mindk\u00e9t oldal\u00e1nak megtekint\u00e9s\u00e9t lehet\u0151v\u00e9 teszi.<br \/>\nAnyaga: kem\u00e9ny PVC.<br \/>\n4 m\u00e9retben van.<br \/>\n50 db\/csomag.<\/p>\n<p>Csak rendel\u00e9sre!<\/p>\n<p>T\u00edpusok:<\/p>\n<p>1. Basic 140 &#8211; 140x 80 mm m\u00e9ret\u0171 bankjegyek sz\u00e1m\u00e1ra<br \/>\n2. Basic 158 &#8211; 158x 75 mm m\u00e9ret\u0171 bankjegyek sz\u00e1m\u00e1ra<br \/>\n3. Basic 170 &#8211; 170x 86 mm m\u00e9ret\u0171 bankjegyek sz\u00e1m\u00e1ra<br \/>\n4. Basic 204 &#8211; 204 x 123 mm m\u00e9ret\u0171 bankjegyek sz\u00e1m\u00e1ra<\/p>\n","protected":false},"excerpt":{"rendered":"<p>Bankjegyek t\u00e1rol\u00e1s\u00e1ra.<\/p>\n","protected":false},"featured_media":666,"comment_status":"open","ping_status":"closed","template":"","meta":[],"product_cat":[56],"product_tag":[],"_links":{"self":[{"href":"https:\/\/numizmatika.beila.hu\/index.php?rest_route=\/wp\/v2\/product\/665"}],"collection":[{"href":"https:\/\/numizmatika.beila.hu\/index.php?rest_route=\/wp\/v2\/product"}],"about":[{"href":"https:\/\/numizmatika.beila.hu\/index.php?rest_route=\/wp\/v2\/types\/product"}],"replies":[{"embeddable":true,"href":"https:\/\/numizmatika.beila.hu\/index.php?rest_route=%2Fwp%2Fv2%2Fcomments&post=665"}],"wp:featuredmedia":[{"embeddable":true,"href":"https:\/\/numizmatika.beila.hu\/index.php?rest_route=\/wp\/v2\/media\/666"}],"wp:attachment":[{"href":"https:\/\/numizmatika.beila.hu\/index.php?rest_route=%2Fwp%2Fv2%2Fmedia&parent=665"}],"wp:term":[{"taxonomy":"product_cat","embeddable":true,"href":"https:\/\/numizmatika.beila.hu\/index.php?rest_route=%2Fwp%2Fv2%2Fproduct_cat&post=665"},{"taxonomy":"product_tag","embeddable":true,"href":"https:\/\/numizmatika.beila.hu\/index.php?rest_route=%2Fwp%2Fv2%2Fproduct_tag&post=665"}],"curies":[{"name":"wp","href":"https:\/\/api.w.org\/{rel}","templated":true}]}}