{"id":6653,"date":"2024-05-03T11:58:06","date_gmt":"2024-05-03T11:58:06","guid":{"rendered":"https:\/\/numizmatika.beila.hu\/?post_type=product&#038;p=6653"},"modified":"2024-05-03T12:06:30","modified_gmt":"2024-05-03T12:06:30","slug":"1948-50-korona","status":"publish","type":"product","link":"https:\/\/numizmatika.beila.hu\/?product=1948-50-korona","title":{"rendered":"1948. 50 korona"},"content":{"rendered":"<h2>Csodasz\u00e9p \u00e9rme.<\/h2>\n<p>anyag: ez\u00fcst, Ag.500<br \/>\ns\u00faly: 10 g<br \/>\nm\u00e9ret: 28 mm<\/p>\n<p>L\u00e1sd a k\u00e9peket!<\/p>\n<p>Mindig a k\u00e9pen l\u00e1that\u00f3 term\u00e9k ker\u00fcl a v\u00e1s\u00e1rl\u00f3 kez\u00e9be.<\/p>\n","protected":false},"excerpt":{"rendered":"<p>eur\u00f3pai \u00e9rme<\/p>\n","protected":false},"featured_media":6651,"comment_status":"open","ping_status":"closed","template":"","meta":[],"product_cat":[140],"product_tag":[],"_links":{"self":[{"href":"https:\/\/numizmatika.beila.hu\/index.php?rest_route=\/wp\/v2\/product\/6653"}],"collection":[{"href":"https:\/\/numizmatika.beila.hu\/index.php?rest_route=\/wp\/v2\/product"}],"about":[{"href":"https:\/\/numizmatika.beila.hu\/index.php?rest_route=\/wp\/v2\/types\/product"}],"replies":[{"embeddable":true,"href":"https:\/\/numizmatika.beila.hu\/index.php?rest_route=%2Fwp%2Fv2%2Fcomments&post=6653"}],"wp:featuredmedia":[{"embeddable":true,"href":"https:\/\/numizmatika.beila.hu\/index.php?rest_route=\/wp\/v2\/media\/6651"}],"wp:attachment":[{"href":"https:\/\/numizmatika.beila.hu\/index.php?rest_route=%2Fwp%2Fv2%2Fmedia&parent=6653"}],"wp:term":[{"taxonomy":"product_cat","embeddable":true,"href":"https:\/\/numizmatika.beila.hu\/index.php?rest_route=%2Fwp%2Fv2%2Fproduct_cat&post=6653"},{"taxonomy":"product_tag","embeddable":true,"href":"https:\/\/numizmatika.beila.hu\/index.php?rest_route=%2Fwp%2Fv2%2Fproduct_tag&post=6653"}],"curies":[{"name":"wp","href":"https:\/\/api.w.org\/{rel}","templated":true}]}}