{"id":706,"date":"2018-01-01T18:25:55","date_gmt":"2018-01-01T18:25:55","guid":{"rendered":"https:\/\/numizmatika.beila.hu\/?post_type=product&#038;p=706"},"modified":"2024-10-08T13:52:07","modified_gmt":"2024-10-08T13:52:07","slug":"erme-zsebalbum-96-ermenek","status":"publish","type":"product","link":"https:\/\/numizmatika.beila.hu\/?product=erme-zsebalbum-96-ermenek","title":{"rendered":"\u00c9rme-zsebalbum 96 \u00e9rm\u00e9nek"},"content":{"rendered":"<p>8 albumlap l\u00e1gy\u00edt\u00f3szer-mentes kem\u00e9ny PVC-tokkal, egyenk\u00e9nt 12 \u00e9rm\u00e9nek 33 mm \u00e1tm\u00e9r\u0151ig. \u00d6sszesen 96 db \u00e9rme sz\u00e1m\u00e1ra.<br \/>\nVatt\u00e1zott k\u00f6t\u00e9s.<br \/>\nA bor\u00edt\u00f3n ez\u00fcst sz\u00edn\u0171 fed\u00e9l nyomat.<br \/>\nSz\u00edn: s\u00f6t\u00e9tk\u00e9k.<br \/>\nIde\u00e1lis utaz\u00e1sokhoz \u00e9s cserenapokra.<br \/>\nK\u00fcls\u0151 m\u00e9ret: 155 x 205 mm.<\/p>\n","protected":false},"excerpt":{"rendered":"<p>Nem b\u0151v\u00edthet\u0151 \u00e9rme-zsebalbum.<\/p>\n","protected":false},"featured_media":707,"comment_status":"open","ping_status":"closed","template":"","meta":[],"product_cat":[54],"product_tag":[],"_links":{"self":[{"href":"https:\/\/numizmatika.beila.hu\/index.php?rest_route=\/wp\/v2\/product\/706"}],"collection":[{"href":"https:\/\/numizmatika.beila.hu\/index.php?rest_route=\/wp\/v2\/product"}],"about":[{"href":"https:\/\/numizmatika.beila.hu\/index.php?rest_route=\/wp\/v2\/types\/product"}],"replies":[{"embeddable":true,"href":"https:\/\/numizmatika.beila.hu\/index.php?rest_route=%2Fwp%2Fv2%2Fcomments&post=706"}],"wp:featuredmedia":[{"embeddable":true,"href":"https:\/\/numizmatika.beila.hu\/index.php?rest_route=\/wp\/v2\/media\/707"}],"wp:attachment":[{"href":"https:\/\/numizmatika.beila.hu\/index.php?rest_route=%2Fwp%2Fv2%2Fmedia&parent=706"}],"wp:term":[{"taxonomy":"product_cat","embeddable":true,"href":"https:\/\/numizmatika.beila.hu\/index.php?rest_route=%2Fwp%2Fv2%2Fproduct_cat&post=706"},{"taxonomy":"product_tag","embeddable":true,"href":"https:\/\/numizmatika.beila.hu\/index.php?rest_route=%2Fwp%2Fv2%2Fproduct_tag&post=706"}],"curies":[{"name":"wp","href":"https:\/\/api.w.org\/{rel}","templated":true}]}}