{"id":715,"date":"2018-01-01T18:35:06","date_gmt":"2018-01-01T18:35:06","guid":{"rendered":"https:\/\/numizmatika.beila.hu\/?post_type=product&#038;p=715"},"modified":"2025-04-12T20:46:39","modified_gmt":"2025-04-12T20:46:39","slug":"erme-zsebalbum-60-ermetarto-kerethez","status":"publish","type":"product","link":"https:\/\/numizmatika.beila.hu\/?product=erme-zsebalbum-60-ermetarto-kerethez","title":{"rendered":"\u00c9rme-zsebalbum 60 \u00e9rmetart\u00f3 kerethez"},"content":{"rendered":"<p>10 albumlap l\u00e1gy\u00edt\u00f3szer-mentes kem\u00e9ny PVC-tokkal, egyenk\u00e9nt 6 kartonkeret sz\u00e1m\u00e1ra 50&#215;50 mm-es m\u00e9retben.<br \/>\n\u00d6sszesen 60 db \u00e9rmekeret sz\u00e1m\u00e1ra.<br \/>\nA bor\u00edt\u00f3n ez\u00fcst sz\u00edn\u0171 fed\u00e9l nyomat.<br \/>\nSz\u00edn: s\u00f6t\u00e9tk\u00e9k.<br \/>\nIde\u00e1lis utaz\u00e1sokhoz \u00e9s cserenapokra.<br \/>\nK\u00fcls\u0151 m\u00e9ret: 135&#215;190 mm.<\/p>\n<p>A k\u00e9pen l\u00e1that\u00f3 \u00e9rm\u00e9k \u00e9s keretek csak illusztr\u00e1ci\u00f3!<\/p>\n","protected":false},"excerpt":{"rendered":"<p>Nem b\u0151v\u00edthet\u0151 \u00e9rme-zsebalbum.<\/p>\n","protected":false},"featured_media":716,"comment_status":"open","ping_status":"closed","template":"","meta":[],"product_cat":[43,54],"product_tag":[],"_links":{"self":[{"href":"https:\/\/numizmatika.beila.hu\/index.php?rest_route=\/wp\/v2\/product\/715"}],"collection":[{"href":"https:\/\/numizmatika.beila.hu\/index.php?rest_route=\/wp\/v2\/product"}],"about":[{"href":"https:\/\/numizmatika.beila.hu\/index.php?rest_route=\/wp\/v2\/types\/product"}],"replies":[{"embeddable":true,"href":"https:\/\/numizmatika.beila.hu\/index.php?rest_route=%2Fwp%2Fv2%2Fcomments&post=715"}],"wp:featuredmedia":[{"embeddable":true,"href":"https:\/\/numizmatika.beila.hu\/index.php?rest_route=\/wp\/v2\/media\/716"}],"wp:attachment":[{"href":"https:\/\/numizmatika.beila.hu\/index.php?rest_route=%2Fwp%2Fv2%2Fmedia&parent=715"}],"wp:term":[{"taxonomy":"product_cat","embeddable":true,"href":"https:\/\/numizmatika.beila.hu\/index.php?rest_route=%2Fwp%2Fv2%2Fproduct_cat&post=715"},{"taxonomy":"product_tag","embeddable":true,"href":"https:\/\/numizmatika.beila.hu\/index.php?rest_route=%2Fwp%2Fv2%2Fproduct_tag&post=715"}],"curies":[{"name":"wp","href":"https:\/\/api.w.org\/{rel}","templated":true}]}}