{"id":720,"date":"2018-01-01T18:46:56","date_gmt":"2018-01-01T18:46:56","guid":{"rendered":"https:\/\/numizmatika.beila.hu\/?post_type=product&#038;p=720"},"modified":"2022-10-03T13:36:31","modified_gmt":"2022-10-03T13:36:31","slug":"preselt-emlekerme-album-48-ermenek","status":"publish","type":"product","link":"https:\/\/numizmatika.beila.hu\/?product=preselt-emlekerme-album-48-ermenek","title":{"rendered":"Pr\u00e9selt eml\u00e9k\u00e9rme album 48 \u00e9rm\u00e9nek"},"content":{"rendered":"<p>Vil\u00e1gszerte sz\u00e1mos idegenforgalmi l\u00e1tv\u00e1nyoss\u00e1g k\u00f6zel\u00e9ben tal\u00e1lhat olyan automat\u00e1kat, melyek p\u00e9nz\u00e9rm\u00e9kb\u0151l ellipszis alak\u00fa \u00fagynevezett &#8220;Pressed Penny&#8221; eml\u00e9k\u00e9rm\u00e9ket pr\u00e9selnek, melyeket N\u00e9metorsz\u00e1gban szuven\u00edr-\u00e9rm\u00e9knek is neveznek. Az \u00e9vek sor\u00e1n vonz\u00f3 \u00fati napl\u00f3t \u00e1ll\u00edthat \u00f6ssze ezekb\u0151l az \u00e9rm\u00e9kb\u0151l.<br \/>\nA hozz\u00e1juk aj\u00e1nlott album 8 db, nem kivehet\u0151, l\u00e1gy\u00edt\u00f3szermentes, kem\u00e9ny PVC-b\u0151l k\u00e9sz\u00fclt ablakokat tartalmaz\u00f3 \u00e9rmetart\u00f3 tokja egyenk\u00e9nt 6 db 33 \u00e1tm\u00e9r\u0151j\u0171 \u00e9rme t\u00e1rol\u00e1s\u00e1t teszi lehet\u0151v\u00e9.<br \/>\n\u00d6sszesen 48 db pr\u00e9selt \u00e9rme sz\u00e1m\u00e1ra.<br \/>\nK\u00fcls\u0151 m\u00e9ret: 115 x 150 mm.<\/p>\n","protected":false},"excerpt":{"rendered":"<p>Nem b\u0151v\u00edthet\u0151 \u00e9rme-zsebalbum.<\/p>\n","protected":false},"featured_media":721,"comment_status":"open","ping_status":"closed","template":"","meta":[],"product_cat":[54],"product_tag":[],"_links":{"self":[{"href":"https:\/\/numizmatika.beila.hu\/index.php?rest_route=\/wp\/v2\/product\/720"}],"collection":[{"href":"https:\/\/numizmatika.beila.hu\/index.php?rest_route=\/wp\/v2\/product"}],"about":[{"href":"https:\/\/numizmatika.beila.hu\/index.php?rest_route=\/wp\/v2\/types\/product"}],"replies":[{"embeddable":true,"href":"https:\/\/numizmatika.beila.hu\/index.php?rest_route=%2Fwp%2Fv2%2Fcomments&post=720"}],"wp:featuredmedia":[{"embeddable":true,"href":"https:\/\/numizmatika.beila.hu\/index.php?rest_route=\/wp\/v2\/media\/721"}],"wp:attachment":[{"href":"https:\/\/numizmatika.beila.hu\/index.php?rest_route=%2Fwp%2Fv2%2Fmedia&parent=720"}],"wp:term":[{"taxonomy":"product_cat","embeddable":true,"href":"https:\/\/numizmatika.beila.hu\/index.php?rest_route=%2Fwp%2Fv2%2Fproduct_cat&post=720"},{"taxonomy":"product_tag","embeddable":true,"href":"https:\/\/numizmatika.beila.hu\/index.php?rest_route=%2Fwp%2Fv2%2Fproduct_tag&post=720"}],"curies":[{"name":"wp","href":"https:\/\/api.w.org\/{rel}","templated":true}]}}