{"id":726,"date":"2018-01-01T19:18:21","date_gmt":"2018-01-01T19:18:21","guid":{"rendered":"https:\/\/numizmatika.beila.hu\/?post_type=product&#038;p=726"},"modified":"2023-01-30T15:18:29","modified_gmt":"2023-01-30T15:18:29","slug":"mb-ermetarolo-doboz","status":"publish","type":"product","link":"https:\/\/numizmatika.beila.hu\/?product=mb-ermetarolo-doboz","title":{"rendered":"MB \u00e9rmet\u00e1rol\u00f3 doboz"},"content":{"rendered":"<p>\u00c9rm\u00e9i biztons\u00e1gos \u00e9s reprezentat\u00edv t\u00e1rol\u00e1s\u00e1nak optim\u00e1lis m\u00f3dja.<br \/>\nEgy bev\u00e1lt m\u00f3dszer, mely minden k\u00edv\u00e1nalomnak megfelel.<br \/>\n60 k\u00fcl\u00f6nb\u00f6z\u0151 kioszt\u00e1s\u00e1nak k\u00f6sz\u00f6nhet\u0151en sz\u00e9les a v\u00e1laszt\u00e9k, a k\u00fcl\u00f6nb\u00f6z\u0151 kioszt\u00e1sok f\u00fcstsz\u00edn\u0171 vagy sz\u00fcrke fi\u00f3kokkal is sz\u00e1ll\u00edthat\u00f3ak.<br \/>\nA rendszer tetsz\u00e9s szerint b\u0151v\u00edthet\u0151, kombin\u00e1lhat\u00f3, egym\u00e1sra rakhat\u00f3.<br \/>\nS\u00f6t\u00e9tpiros (a f\u00fcstsz\u00edn\u0171 fi\u00f3kokhoz) vagy vil\u00e1gos piros (a sz\u00fcrke fi\u00f3kokhoz) b\u00e1rsonyos bet\u00e9tek.<br \/>\nMinden haszn\u00e1latos szekr\u00e9nym\u00e9lys\u00e9ghez haszn\u00e1lhat\u00f3. Elhelyezhet\u0151 az \u00e9rmetart\u00f3 b\u0151r\u00f6ndben.<br \/>\nK\u00fcls\u0151 m\u00e9ret: 236 x 20 x 303 mm.<br \/>\n<strong>Csak megrendel\u00e9sre!!! (sz\u00e1ll\u00edt\u00e1si hat\u00e1rid\u0151: kb. 4 h\u00e9t)<\/strong><\/p>\n<pre style=\"font-size: 12px;\">T\u00edpusok:\r\n\u00c9rmetart\u00f3 kapszul\u00e1hoz:            Sz\u00f6gletes beoszt\u00e1ssal:\r\n                                  99 hely (19x19 mm \u00e1tm\u00e9r\u0151ig)\r\n63 hely (17,0-19,0 mm \u00e1tm\u00e9r\u0151ig)   80 hely (24x24 mm \u00e1tm\u00e9r\u0151ig)\r\n48 hely (21,5 mm \u00e1tm\u00e9r\u0151ig)        48 hely (28x28 mm \u00e1tm\u00e9r\u0151ig)\r\n48 hely (23,0 mm \u00e1tm\u00e9r\u0151ig)        48 hely (30x30 mm \u00e1tm\u00e9r\u0151ig)\r\n42 hely (24,5 mm \u00e1tm\u00e9r\u0151ig)        35 hely (35x35 mm \u00e1tm\u00e9r\u0151ig)\r\n35 hely (26,0 mm \u00e1tm\u00e9r\u0151ig)        30 hely (38x38 mm \u00e1tm\u00e9r\u0151ig)\r\n35 hely (27-28 mm \u00e1tm\u00e9r\u0151ig)       24 hely (42x42 mm \u00e1tm\u00e9r\u0151ig)\r\n35 hely (29,0 mm \u00e1tm\u00e9r\u0151ig)        20 hely (48x48 mm \u00e1tm\u00e9r\u0151ig)\r\n30 hely (32-32,5 mm \u00e1tm\u00e9r\u0151ig)     20 hely (50x50 mm \u00e1tm\u00e9r\u0151ig)\r\n30 hely (33,0 mm \u00e1tm\u00e9r\u0151ig)        20 hely (50x50 mm \u00e1tm\u00e9r\u0151ig-fekete t\u00e1lca)\r\n24 hely (34-35 mm \u00e1tm\u00e9r\u0151ig)       12 hely (64x64 mm \u00e1tm\u00e9r\u0151ig)\r\n20 hely (36,0-37,0 mm \u00e1tm\u00e9r\u0151ig)   12 hely (67x67 mm \u00e1tm\u00e9r\u0151ig)\r\n20 hely (38,0-39,0 mm \u00e1tm\u00e9r\u0151ig)   1 hely (210x270 mm - oszt\u00e1s n\u00e9lk\u00fcli t\u00e1lca)\r\n20 hely (40,0-41,0 mm \u00e1tm\u00e9r\u0151ig)   \r\n20 hely (42,0-43,0 mm \u00e1tm\u00e9r\u0151ig)\r\n12 hely (44,0-45,0 mm \u00e1tm\u00e9r\u0151ig)\r\n12 hely (46,0-47,0 mm \u00e1tm\u00e9r\u0151ig)\r\n40 hely (Euro sorhoz 1cent-2euro)\r\n30 hely (38,0 mm \u00e1tm\u00e9r\u0151ig)\r\n20 hely (50,0 mm \u00e1tm\u00e9r\u0151ig piros)\r\n20 hely (50,0 mm \u00e1tm\u00e9r\u0151ig fekete)\r\n12 hely (67x67 mm \u00e1tm\u00e9r\u0151ig piros)\r\n<\/pre>\n","protected":false},"excerpt":{"rendered":"<p>MB b\u0151r\u00f6ndbe val\u00f3 \u00e9rmet\u00e1rol\u00f3 t\u00e1lc\u00e1k.<\/p>\n","protected":false},"featured_media":727,"comment_status":"open","ping_status":"closed","template":"","meta":[],"product_cat":[51],"product_tag":[],"_links":{"self":[{"href":"https:\/\/numizmatika.beila.hu\/index.php?rest_route=\/wp\/v2\/product\/726"}],"collection":[{"href":"https:\/\/numizmatika.beila.hu\/index.php?rest_route=\/wp\/v2\/product"}],"about":[{"href":"https:\/\/numizmatika.beila.hu\/index.php?rest_route=\/wp\/v2\/types\/product"}],"replies":[{"embeddable":true,"href":"https:\/\/numizmatika.beila.hu\/index.php?rest_route=%2Fwp%2Fv2%2Fcomments&post=726"}],"wp:featuredmedia":[{"embeddable":true,"href":"https:\/\/numizmatika.beila.hu\/index.php?rest_route=\/wp\/v2\/media\/727"}],"wp:attachment":[{"href":"https:\/\/numizmatika.beila.hu\/index.php?rest_route=%2Fwp%2Fv2%2Fmedia&parent=726"}],"wp:term":[{"taxonomy":"product_cat","embeddable":true,"href":"https:\/\/numizmatika.beila.hu\/index.php?rest_route=%2Fwp%2Fv2%2Fproduct_cat&post=726"},{"taxonomy":"product_tag","embeddable":true,"href":"https:\/\/numizmatika.beila.hu\/index.php?rest_route=%2Fwp%2Fv2%2Fproduct_tag&post=726"}],"curies":[{"name":"wp","href":"https:\/\/api.w.org\/{rel}","templated":true}]}}