{"id":740,"date":"2018-01-01T20:04:05","date_gmt":"2018-01-01T20:04:05","guid":{"rendered":"https:\/\/numizmatika.beila.hu\/?post_type=product&#038;p=740"},"modified":"2023-10-12T11:37:05","modified_gmt":"2023-10-12T11:37:05","slug":"smart-ermes-doboz","status":"publish","type":"product","link":"https:\/\/numizmatika.beila.hu\/?product=smart-ermes-doboz","title":{"rendered":"SMART \u00e9rm\u00e9s doboz"},"content":{"rendered":"<p>Minden banksz\u00e9fbe betehet\u0151.<br \/>\n\u00c1tl\u00e1tsz\u00f3 keret, s\u00f6t\u00e9tk\u00e9k fi\u00f3k, k\u00e9k b\u00e1rsony t\u00e1lca.<br \/>\nEgym\u00e1sra helyezhet\u0151ek.<br \/>\nK\u00fcls\u0151 m\u00e9ret: 195 x 19 x 250 mm.<br \/>\nA k\u00e9pen 3 db doboz l\u00e1that\u00f3! A felt\u00fcntetett \u00e1r 1 db dobozra vonatkozik!<\/p>\n<p>T\u00edpusok:<br \/>\n1. 48 helyes 24 mm-es \u00e1tm\u00e9r\u0151j\u0171 \u00e9rm\u00e9khez<br \/>\n2. 12 helyes 50 mm-es \u00e1tm\u00e9r\u0151j\u0171 \u00e9rm\u00e9khez<br \/>\n3. 20 helyes 41 mm-es \u00e1tm\u00e9r\u0151j\u0171 \u00e9rm\u00e9khez<br \/>\n4. 35 helyes 27 mm-es \u00e1tm\u00e9r\u0151j\u0171 \u00e9rm\u00e9khez<br \/>\n5. 30 helyes 33 mm-es \u00e1tm\u00e9r\u0151j\u0171 \u00e9rm\u00e9khez<\/p>\n","protected":false},"excerpt":{"rendered":"<p>CARGO S10 b\u0151r\u00f6ndbe val\u00f3 \u00e9rmetart\u00f3 doboz.<\/p>\n","protected":false},"featured_media":741,"comment_status":"open","ping_status":"closed","template":"","meta":[],"product_cat":[48],"product_tag":[],"_links":{"self":[{"href":"https:\/\/numizmatika.beila.hu\/index.php?rest_route=\/wp\/v2\/product\/740"}],"collection":[{"href":"https:\/\/numizmatika.beila.hu\/index.php?rest_route=\/wp\/v2\/product"}],"about":[{"href":"https:\/\/numizmatika.beila.hu\/index.php?rest_route=\/wp\/v2\/types\/product"}],"replies":[{"embeddable":true,"href":"https:\/\/numizmatika.beila.hu\/index.php?rest_route=%2Fwp%2Fv2%2Fcomments&post=740"}],"wp:featuredmedia":[{"embeddable":true,"href":"https:\/\/numizmatika.beila.hu\/index.php?rest_route=\/wp\/v2\/media\/741"}],"wp:attachment":[{"href":"https:\/\/numizmatika.beila.hu\/index.php?rest_route=%2Fwp%2Fv2%2Fmedia&parent=740"}],"wp:term":[{"taxonomy":"product_cat","embeddable":true,"href":"https:\/\/numizmatika.beila.hu\/index.php?rest_route=%2Fwp%2Fv2%2Fproduct_cat&post=740"},{"taxonomy":"product_tag","embeddable":true,"href":"https:\/\/numizmatika.beila.hu\/index.php?rest_route=%2Fwp%2Fv2%2Fproduct_tag&post=740"}],"curies":[{"name":"wp","href":"https:\/\/api.w.org\/{rel}","templated":true}]}}