{"id":742,"date":"2018-01-01T20:08:38","date_gmt":"2018-01-01T20:08:38","guid":{"rendered":"https:\/\/numizmatika.beila.hu\/?post_type=product&#038;p=742"},"modified":"2023-10-12T11:35:50","modified_gmt":"2023-10-12T11:35:50","slug":"cargo-s10-ermeborond","status":"publish","type":"product","link":"https:\/\/numizmatika.beila.hu\/?product=cargo-s10-ermeborond","title":{"rendered":"CARGO S10 \u00e9rmeb\u0151r\u00f6nd"},"content":{"rendered":"<p>S\u00f6t\u00e9tk\u00e9k b\u00e1rsonnyal b\u00e9lelve; lez\u00e1rhat\u00f3 (2 kulccsal); hely a feliratoz\u00e1shoz; er\u0151s k\u00e9zhez illeszked\u0151, lehajthat\u00f3 foganty\u00fa; f\u00e9mb\u0151l k\u00e9sz\u00fclt sarkok; alul gumil\u00e1bak.<br \/>\n10 db SMART \u00e9rm\u00e9s doboz t\u00e1rol\u00e1s\u00e1ra.<br \/>\nA b\u0151r\u00f6nd \u00fcres, a k\u00e9p csak illusztr\u00e1ci\u00f3!<br \/>\nK\u00fcls\u0151 m\u00e9ret: 280 x 203 x 214 mm.<\/p>\n","protected":false},"excerpt":{"rendered":"<p>SMART \u00e9rmedobozok t\u00e1rol\u00e1s\u00e1ra.<\/p>\n","protected":false},"featured_media":743,"comment_status":"open","ping_status":"closed","template":"","meta":[],"product_cat":[47],"product_tag":[],"_links":{"self":[{"href":"https:\/\/numizmatika.beila.hu\/index.php?rest_route=\/wp\/v2\/product\/742"}],"collection":[{"href":"https:\/\/numizmatika.beila.hu\/index.php?rest_route=\/wp\/v2\/product"}],"about":[{"href":"https:\/\/numizmatika.beila.hu\/index.php?rest_route=\/wp\/v2\/types\/product"}],"replies":[{"embeddable":true,"href":"https:\/\/numizmatika.beila.hu\/index.php?rest_route=%2Fwp%2Fv2%2Fcomments&post=742"}],"wp:featuredmedia":[{"embeddable":true,"href":"https:\/\/numizmatika.beila.hu\/index.php?rest_route=\/wp\/v2\/media\/743"}],"wp:attachment":[{"href":"https:\/\/numizmatika.beila.hu\/index.php?rest_route=%2Fwp%2Fv2%2Fmedia&parent=742"}],"wp:term":[{"taxonomy":"product_cat","embeddable":true,"href":"https:\/\/numizmatika.beila.hu\/index.php?rest_route=%2Fwp%2Fv2%2Fproduct_cat&post=742"},{"taxonomy":"product_tag","embeddable":true,"href":"https:\/\/numizmatika.beila.hu\/index.php?rest_route=%2Fwp%2Fv2%2Fproduct_tag&post=742"}],"curies":[{"name":"wp","href":"https:\/\/api.w.org\/{rel}","templated":true}]}}