{"id":747,"date":"2018-01-01T20:38:05","date_gmt":"2018-01-01T20:38:05","guid":{"rendered":"https:\/\/numizmatika.beila.hu\/?post_type=product&#038;p=747"},"modified":"2026-01-14T08:45:56","modified_gmt":"2026-01-14T08:45:56","slug":"cargo-s6-kicsi-ermeborond","status":"publish","type":"product","link":"https:\/\/numizmatika.beila.hu\/?product=cargo-s6-kicsi-ermeborond","title":{"rendered":"CARGO S6 kicsi \u00e9rmeb\u0151r\u00f6nd"},"content":{"rendered":"<p>K\u00e1rpitozott b\u0151r\u00f6ndfed\u00e9l, s\u00f6t\u00e9tk\u00e9k vel\u00farb\u00e9l\u00e9s. Z\u00e1rhat\u00f3 (2 kulccsal), f\u00e9m sarkok, gumi l\u00e1bak.<br \/>\nK\u00fcls\u0151 m\u00e9ret: 292 x 213 x 97 mm.<br \/>\n6 db t\u00e1lc\u00e1val egy\u00fctt.<\/p>\n<p>T\u00edpusok:<br \/>\n1. 120 db 10-eur\u00f3s m\u0171anyag tokba helyezett \u00e9rme t\u00e1rol\u00e1s\u00e1hoz. 6 db t\u00e1bl\u00e1ja egyenk\u00e9nt 20 db 41 mm-es \u00e9rme elhelyez\u00e9s\u00e9hez megfelel\u0151.<br \/>\n2. 144 db 2-eur\u00f3s m\u0171anyag tokba helyezett \u00e9rme t\u00e1rol\u00e1s\u00e1hoz. 6 db t\u00e1bl\u00e1ja egyenk\u00e9nt 24 db 33 mm-es \u00e9rme elhelyez\u00e9s\u00e9hez megfelel\u0151.<br \/>\n3. 112 \u00e9rme sz\u00e1m\u00e1ra. 2 db t\u00e1bla egyenk\u00e9nt 24 db 33 mm \u00e1tm\u00e9r\u0151j\u0171 \u00e9rme, 2 db t\u00e1bla egyenk\u00e9nt 20 db 41 mm \u00e1tm\u00e9r\u0151j\u0171 \u00e9rme, 2 db t\u00e1bla egyenk\u00e9nt 12 db 48 mm \u00e1tm\u00e9r\u0151j\u0171 \u00e9rme t\u00e1rol\u00e1s\u00e1hoz.<\/p>\n","protected":false},"excerpt":{"rendered":"<p>6 db &#8220;S&#8221; m\u00e9ret\u0171 t\u00e1lca t\u00e1rol\u00e1s\u00e1ra alkalmas \u00e9rmeb\u0151r\u00f6nd.<\/p>\n","protected":false},"featured_media":748,"comment_status":"open","ping_status":"closed","template":"","meta":[],"product_cat":[47],"product_tag":[],"_links":{"self":[{"href":"https:\/\/numizmatika.beila.hu\/index.php?rest_route=\/wp\/v2\/product\/747"}],"collection":[{"href":"https:\/\/numizmatika.beila.hu\/index.php?rest_route=\/wp\/v2\/product"}],"about":[{"href":"https:\/\/numizmatika.beila.hu\/index.php?rest_route=\/wp\/v2\/types\/product"}],"replies":[{"embeddable":true,"href":"https:\/\/numizmatika.beila.hu\/index.php?rest_route=%2Fwp%2Fv2%2Fcomments&post=747"}],"wp:featuredmedia":[{"embeddable":true,"href":"https:\/\/numizmatika.beila.hu\/index.php?rest_route=\/wp\/v2\/media\/748"}],"wp:attachment":[{"href":"https:\/\/numizmatika.beila.hu\/index.php?rest_route=%2Fwp%2Fv2%2Fmedia&parent=747"}],"wp:term":[{"taxonomy":"product_cat","embeddable":true,"href":"https:\/\/numizmatika.beila.hu\/index.php?rest_route=%2Fwp%2Fv2%2Fproduct_cat&post=747"},{"taxonomy":"product_tag","embeddable":true,"href":"https:\/\/numizmatika.beila.hu\/index.php?rest_route=%2Fwp%2Fv2%2Fproduct_tag&post=747"}],"curies":[{"name":"wp","href":"https:\/\/api.w.org\/{rel}","templated":true}]}}