{"id":753,"date":"2018-01-01T20:54:44","date_gmt":"2018-01-01T20:54:44","guid":{"rendered":"https:\/\/numizmatika.beila.hu\/?post_type=product&#038;p=753"},"modified":"2025-06-27T14:29:48","modified_gmt":"2025-06-27T14:29:48","slug":"tab-talca","status":"publish","type":"product","link":"https:\/\/numizmatika.beila.hu\/?product=tab-talca","title":{"rendered":"TAB t\u00e1lca"},"content":{"rendered":"<p>CARGO b\u0151r\u00f6ndbe helyezhet\u0151 t\u00e1lca!<br \/>\n1 csomagban 2 db azonos oszt\u00e1s\u00fa t\u00e1lca!<br \/>\nK\u00e9k sz\u00edn\u0171 vel\u00farszer\u0171 anyaggal b\u00e9lelt t\u00e1lca.<br \/>\nK\u00fcls\u0151 m\u00e9ret: 334 x 220 mm<\/p>\n<p>T\u00edpusok:<\/p>\n<ul>\n<li>6 helyes, 95 x 95 mm \u00e1tm\u00e9r\u0151 hellyel (csak rendel\u00e9sre, sz\u00e1ll\u00edt\u00e1si id\u0151 kb. 3-4 h\u00e9t)<\/li>\n<li>8 helyes, 64 x 86 mm \u00e1tm\u00e9r\u0151 hellyel (csak rendel\u00e9sre, sz\u00e1ll\u00edt\u00e1si id\u0151 kb. 3-4 h\u00e9t)<\/li>\n<li>12 helyes, 66 x 66 mm \u00e1tm\u00e9r\u0151j\u0171 \u00e9rm\u00e9khez<\/li>\n<li>15 helyes, 50 x 50 mm \u00e1tm\u00e9r\u0151j\u0171 \u00e9rm\u00e9khez vagy QUADRUM kapszul\u00e1khoz<\/li>\n<li>24 helyes, 47 x 47 mm \u00e1tm\u00e9r\u0151j\u0171 \u00e9rm\u00e9khez<\/li>\n<li>35 helyes, 39 x 39 mm \u00e1tm\u00e9r\u0151j\u0171 \u00e9rm\u00e9khez<\/li>\n<li>40 helyes, 33 x 33 mm \u00e1tm\u00e9r\u0151j\u0171 \u00e9rm\u00e9khez<\/li>\n<li>45 helyes, 31 x 31 mm \u00e1tm\u00e9r\u0151j\u0171 \u00e9rm\u00e9khez<\/li>\n<li>48 helyes, 6 komplett &#8220;euro&#8221; sorhoz kapszula n\u00e9lk\u00fcl<\/li>\n<li>77 helyes, 22 x 22 mm \u00e1tm\u00e9r\u0151j\u0171 \u00e9rm\u00e9khez<\/li>\n<\/ul>\n","protected":false},"excerpt":{"rendered":"<p>CARGO &#8220;L&#8221; t\u00edpus\u00fa b\u0151r\u00f6ndbe val\u00f3 t\u00e1lca.<\/p>\n","protected":false},"featured_media":754,"comment_status":"open","ping_status":"closed","template":"","meta":[],"product_cat":[51],"product_tag":[],"_links":{"self":[{"href":"https:\/\/numizmatika.beila.hu\/index.php?rest_route=\/wp\/v2\/product\/753"}],"collection":[{"href":"https:\/\/numizmatika.beila.hu\/index.php?rest_route=\/wp\/v2\/product"}],"about":[{"href":"https:\/\/numizmatika.beila.hu\/index.php?rest_route=\/wp\/v2\/types\/product"}],"replies":[{"embeddable":true,"href":"https:\/\/numizmatika.beila.hu\/index.php?rest_route=%2Fwp%2Fv2%2Fcomments&post=753"}],"wp:featuredmedia":[{"embeddable":true,"href":"https:\/\/numizmatika.beila.hu\/index.php?rest_route=\/wp\/v2\/media\/754"}],"wp:attachment":[{"href":"https:\/\/numizmatika.beila.hu\/index.php?rest_route=%2Fwp%2Fv2%2Fmedia&parent=753"}],"wp:term":[{"taxonomy":"product_cat","embeddable":true,"href":"https:\/\/numizmatika.beila.hu\/index.php?rest_route=%2Fwp%2Fv2%2Fproduct_cat&post=753"},{"taxonomy":"product_tag","embeddable":true,"href":"https:\/\/numizmatika.beila.hu\/index.php?rest_route=%2Fwp%2Fv2%2Fproduct_tag&post=753"}],"curies":[{"name":"wp","href":"https:\/\/api.w.org\/{rel}","templated":true}]}}