{"id":756,"date":"2018-01-01T20:56:12","date_gmt":"2018-01-01T20:56:12","guid":{"rendered":"https:\/\/numizmatika.beila.hu\/?post_type=product&#038;p=756"},"modified":"2023-01-30T15:17:18","modified_gmt":"2023-01-30T15:17:18","slug":"tab-ermetarto-dobozokhoz-szekreny","status":"publish","type":"product","link":"https:\/\/numizmatika.beila.hu\/?product=tab-ermetarto-dobozokhoz-szekreny","title":{"rendered":"TAB \u00e9rmetart\u00f3 dobozokhoz szekr\u00e9ny"},"content":{"rendered":"<p>Kiv\u00e1l\u00f3 min\u0151s\u00e9g\u0171 szekr\u00e9ny, 10 db TAB \u00e9rmetart\u00f3 t\u00e1lca sz\u00e1m\u00e1ra.<br \/>\nMahag\u00f3nisz\u00edn\u0171.<br \/>\nA bels\u0151 fel\u00fcletek mahag\u00f3ni sz\u00edn\u0171 fabor\u00edt\u00e1s\u00faak.<br \/>\nBelseje vil\u00e1gos filccel b\u00e9lelt.<br \/>\nZ\u00e1rhat\u00f3 (2 kulcs)<br \/>\nK\u00fcls\u0151 m\u00e9ret: 246 x 226 x 372 mm.<br \/>\nAz \u00e1r a dobozokat nem tartalmazza!!!<\/p>\n","protected":false},"excerpt":{"rendered":"<p>TAB \u00e9rmetart\u00f3 t\u00e1lc\u00e1khoz val\u00f3 szekr\u00e9ny.<\/p>\n","protected":false},"featured_media":757,"comment_status":"open","ping_status":"closed","template":"","meta":[],"product_cat":[53],"product_tag":[],"_links":{"self":[{"href":"https:\/\/numizmatika.beila.hu\/index.php?rest_route=\/wp\/v2\/product\/756"}],"collection":[{"href":"https:\/\/numizmatika.beila.hu\/index.php?rest_route=\/wp\/v2\/product"}],"about":[{"href":"https:\/\/numizmatika.beila.hu\/index.php?rest_route=\/wp\/v2\/types\/product"}],"replies":[{"embeddable":true,"href":"https:\/\/numizmatika.beila.hu\/index.php?rest_route=%2Fwp%2Fv2%2Fcomments&post=756"}],"wp:featuredmedia":[{"embeddable":true,"href":"https:\/\/numizmatika.beila.hu\/index.php?rest_route=\/wp\/v2\/media\/757"}],"wp:attachment":[{"href":"https:\/\/numizmatika.beila.hu\/index.php?rest_route=%2Fwp%2Fv2%2Fmedia&parent=756"}],"wp:term":[{"taxonomy":"product_cat","embeddable":true,"href":"https:\/\/numizmatika.beila.hu\/index.php?rest_route=%2Fwp%2Fv2%2Fproduct_cat&post=756"},{"taxonomy":"product_tag","embeddable":true,"href":"https:\/\/numizmatika.beila.hu\/index.php?rest_route=%2Fwp%2Fv2%2Fproduct_tag&post=756"}],"curies":[{"name":"wp","href":"https:\/\/api.w.org\/{rel}","templated":true}]}}