{"id":761,"date":"2018-01-01T21:13:24","date_gmt":"2018-01-01T21:13:24","guid":{"rendered":"https:\/\/numizmatika.beila.hu\/?post_type=product&#038;p=761"},"modified":"2024-12-11T05:15:13","modified_gmt":"2024-12-11T05:15:13","slug":"erme-kapszula","status":"publish","type":"product","link":"https:\/\/numizmatika.beila.hu\/?product=erme-kapszula","title":{"rendered":"\u00c9rme kapszula"},"content":{"rendered":"<p>A kapszul\u00e1k<strong> nem karcol\u00f3d\u00f3<\/strong> akrilb\u00f3l k\u00e9sz\u00fclnek.<br \/>\nBiztons\u00e1gosan z\u00e1r\u00f3dnak, ugyanakkor k\u00f6nnyen nyithat\u00f3ak.<br \/>\nMinden forgalomban l\u00e9v\u0151 \u00e9rm\u00e9hez kaphat\u00f3.<\/p>\n<p>1 csomagban 10 db azonos m\u00e9ret\u0171 kapszula van.<\/p>\n","protected":false},"excerpt":{"rendered":"<p>Minden forgalomban l\u00e9v\u0151 \u00e9rm\u00e9hez.<\/p>\n","protected":false},"featured_media":762,"comment_status":"open","ping_status":"closed","template":"","meta":[],"product_cat":[49],"product_tag":[],"_links":{"self":[{"href":"https:\/\/numizmatika.beila.hu\/index.php?rest_route=\/wp\/v2\/product\/761"}],"collection":[{"href":"https:\/\/numizmatika.beila.hu\/index.php?rest_route=\/wp\/v2\/product"}],"about":[{"href":"https:\/\/numizmatika.beila.hu\/index.php?rest_route=\/wp\/v2\/types\/product"}],"replies":[{"embeddable":true,"href":"https:\/\/numizmatika.beila.hu\/index.php?rest_route=%2Fwp%2Fv2%2Fcomments&post=761"}],"wp:featuredmedia":[{"embeddable":true,"href":"https:\/\/numizmatika.beila.hu\/index.php?rest_route=\/wp\/v2\/media\/762"}],"wp:attachment":[{"href":"https:\/\/numizmatika.beila.hu\/index.php?rest_route=%2Fwp%2Fv2%2Fmedia&parent=761"}],"wp:term":[{"taxonomy":"product_cat","embeddable":true,"href":"https:\/\/numizmatika.beila.hu\/index.php?rest_route=%2Fwp%2Fv2%2Fproduct_cat&post=761"},{"taxonomy":"product_tag","embeddable":true,"href":"https:\/\/numizmatika.beila.hu\/index.php?rest_route=%2Fwp%2Fv2%2Fproduct_tag&post=761"}],"curies":[{"name":"wp","href":"https:\/\/api.w.org\/{rel}","templated":true}]}}