{"id":763,"date":"2018-01-01T21:19:10","date_gmt":"2018-01-01T21:19:10","guid":{"rendered":"https:\/\/numizmatika.beila.hu\/?post_type=product&#038;p=763"},"modified":"2023-10-12T11:43:36","modified_gmt":"2023-10-12T11:43:36","slug":"volterra-vario-3-gyujtoi-kazetta","status":"publish","type":"product","link":"https:\/\/numizmatika.beila.hu\/?product=volterra-vario-3-gyujtoi-kazetta","title":{"rendered":"VOLTERRA VARIO 3 gy\u0171jt\u0151i kazetta"},"content":{"rendered":"<p>Kit\u00fcntet\u00e9sek, zseb\u00f3r\u00e1k, \u00e1sv\u00e1nyok, modell aut\u00f3k, toj\u00e1sfigur\u00e1k \u00e9s m\u00e9g sok m\u00e1s sz\u00e1m\u00e1ra.<br \/>\nQuadrum \u00e9rmetart\u00f3 kapszul\u00e1k \u00e9s sz\u00e1mos \u00e9rmekeret elhelyez\u00e9s\u00e9re.<br \/>\n\u00c1ll\u00edthat\u00f3 beoszt\u00e1sok 2 stabil \u00e9s 15 \u00e1ll\u00edthat\u00f3 v\u00e1laszfal seg\u00edts\u00e9g\u00e9vel.<br \/>\nA beoszt\u00e1sok sz\u00e9less\u00e9ge 60 mm, hosszuk 10-310 mm k\u00f6z\u00f6tt be\u00e1ll\u00edthat\u00f3, magass\u00e1guk 40 mm.<br \/>\nEleg\u00e1ns kivitel: mahag\u00f3ni sz\u00edn\u0171 fa bor\u00edt\u00e1s, a belseje \u00e9s az elv\u00e1laszt\u00f3 elemek borv\u00f6r\u00f6s vel\u00far bevonat\u00faak, a fed\u00e9l borv\u00f6r\u00f6s szat\u00e9nnal p\u00e1rn\u00e1zott.<br \/>\n2 aranyozott zsan\u00e9rj\u00e1nak \u00e9s 2 m\u00e1gnes\u00e9nek k\u00f6sz\u00f6nhet\u0151en a kazetta biztons\u00e1gosan bez\u00e1rhat\u00f3.<br \/>\nK\u00fcls\u0151 m\u00e9ret: 330 x 65 x 270 mm.<\/p>\n","protected":false},"excerpt":{"rendered":"<p>Hobbi gy\u0171jt\u0151 doboz.<\/p>\n","protected":false},"featured_media":764,"comment_status":"open","ping_status":"closed","template":"","meta":[],"product_cat":[50],"product_tag":[],"_links":{"self":[{"href":"https:\/\/numizmatika.beila.hu\/index.php?rest_route=\/wp\/v2\/product\/763"}],"collection":[{"href":"https:\/\/numizmatika.beila.hu\/index.php?rest_route=\/wp\/v2\/product"}],"about":[{"href":"https:\/\/numizmatika.beila.hu\/index.php?rest_route=\/wp\/v2\/types\/product"}],"replies":[{"embeddable":true,"href":"https:\/\/numizmatika.beila.hu\/index.php?rest_route=%2Fwp%2Fv2%2Fcomments&post=763"}],"wp:featuredmedia":[{"embeddable":true,"href":"https:\/\/numizmatika.beila.hu\/index.php?rest_route=\/wp\/v2\/media\/764"}],"wp:attachment":[{"href":"https:\/\/numizmatika.beila.hu\/index.php?rest_route=%2Fwp%2Fv2%2Fmedia&parent=763"}],"wp:term":[{"taxonomy":"product_cat","embeddable":true,"href":"https:\/\/numizmatika.beila.hu\/index.php?rest_route=%2Fwp%2Fv2%2Fproduct_cat&post=763"},{"taxonomy":"product_tag","embeddable":true,"href":"https:\/\/numizmatika.beila.hu\/index.php?rest_route=%2Fwp%2Fv2%2Fproduct_tag&post=763"}],"curies":[{"name":"wp","href":"https:\/\/api.w.org\/{rel}","templated":true}]}}