{"id":767,"date":"2018-01-01T21:52:18","date_gmt":"2018-01-01T21:52:18","guid":{"rendered":"https:\/\/numizmatika.beila.hu\/?post_type=product&#038;p=767"},"modified":"2023-01-30T15:13:47","modified_gmt":"2023-01-30T15:13:47","slug":"ermetisztito-folyadek","status":"publish","type":"product","link":"https:\/\/numizmatika.beila.hu\/?product=ermetisztito-folyadek","title":{"rendered":"\u00c9rmetiszt\u00edt\u00f3 folyad\u00e9k"},"content":{"rendered":"<p>Magas sz\u00ednvonal\u00fa anyagok biztos\u00edtj\u00e1k \u00e9rm\u00e9inek elsz\u00ednez\u0151d\u00e9sekt\u0151l val\u00f3 gyors \u00e9s k\u00edm\u00e9letes megtiszt\u00edt\u00e1s\u00e1t.<br \/>\nHaszn\u00e1lat: 4-8 percre belem\u00e1rtjuk az \u00e9rm\u00e9t, alaposan le\u00f6bl\u00edtj\u00fck, puha kend\u0151vel sz\u00e1razra t\u00f6r\u00f6lj\u00fck.<br \/>\nA N\u00e9met Sz\u00f6vets\u00e9gi K\u00f6rnyezetv\u00e9delmi Hivatal enged\u00e9ly\u00e9vel. Gyermekek sz\u00e1m\u00e1ra sem vesz\u00e9lyes.<br \/>\nT\u00f6lt\u00e9si mennyis\u00e9g: 200 ml.<br \/>\nT\u00edpusok:<\/p>\n<ul>\n<li>arany<\/li>\n<li>ez\u00fcst<\/li>\n<li>bronz (v\u00f6r\u00f6sr\u00e9z)<\/li>\n<li>bimet\u00e1l-\u00e9rm\u00e9k (pl. eur\u00f3khoz)<\/li>\n<li>univerz\u00e1lis<\/li>\n<\/ul>\n","protected":false},"excerpt":{"rendered":"<p>Minden t\u00edpus\u00fa \u00e9rme tiszt\u00edt\u00e1s\u00e1ra.<\/p>\n","protected":false},"featured_media":768,"comment_status":"open","ping_status":"closed","template":"","meta":[],"product_cat":[58,91],"product_tag":[],"_links":{"self":[{"href":"https:\/\/numizmatika.beila.hu\/index.php?rest_route=\/wp\/v2\/product\/767"}],"collection":[{"href":"https:\/\/numizmatika.beila.hu\/index.php?rest_route=\/wp\/v2\/product"}],"about":[{"href":"https:\/\/numizmatika.beila.hu\/index.php?rest_route=\/wp\/v2\/types\/product"}],"replies":[{"embeddable":true,"href":"https:\/\/numizmatika.beila.hu\/index.php?rest_route=%2Fwp%2Fv2%2Fcomments&post=767"}],"wp:featuredmedia":[{"embeddable":true,"href":"https:\/\/numizmatika.beila.hu\/index.php?rest_route=\/wp\/v2\/media\/768"}],"wp:attachment":[{"href":"https:\/\/numizmatika.beila.hu\/index.php?rest_route=%2Fwp%2Fv2%2Fmedia&parent=767"}],"wp:term":[{"taxonomy":"product_cat","embeddable":true,"href":"https:\/\/numizmatika.beila.hu\/index.php?rest_route=%2Fwp%2Fv2%2Fproduct_cat&post=767"},{"taxonomy":"product_tag","embeddable":true,"href":"https:\/\/numizmatika.beila.hu\/index.php?rest_route=%2Fwp%2Fv2%2Fproduct_tag&post=767"}],"curies":[{"name":"wp","href":"https:\/\/api.w.org\/{rel}","templated":true}]}}