{"id":7679,"date":"2024-12-01T09:10:12","date_gmt":"2024-12-01T09:10:12","guid":{"rendered":"https:\/\/numizmatika.beila.hu\/?post_type=product&#038;p=7679"},"modified":"2024-12-01T09:10:52","modified_gmt":"2024-12-01T09:10:52","slug":"macedonia-10-denari-bankjegy-2018","status":"publish","type":"product","link":"https:\/\/numizmatika.beila.hu\/?product=macedonia-10-denari-bankjegy-2018","title":{"rendered":"Maced\u00f3nia 10 denari bankjegy 2018"},"content":{"rendered":"<p>Csodasz\u00e9p bankjegyek szerte a Vil\u00e1gb\u00f3l!<\/p>\n<p>L\u00e1sd a k\u00e9peket! Mindig a k\u00e9pen l\u00e1that\u00f3 term\u00e9ket post\u00e1zom.<\/p>\n","protected":false},"excerpt":{"rendered":"<p>Bankjegyek szerte a Vil\u00e1gb\u00f3l!<\/p>\n","protected":false},"featured_media":7674,"comment_status":"open","ping_status":"closed","template":"","meta":[],"product_cat":[149],"product_tag":[],"_links":{"self":[{"href":"https:\/\/numizmatika.beila.hu\/index.php?rest_route=\/wp\/v2\/product\/7679"}],"collection":[{"href":"https:\/\/numizmatika.beila.hu\/index.php?rest_route=\/wp\/v2\/product"}],"about":[{"href":"https:\/\/numizmatika.beila.hu\/index.php?rest_route=\/wp\/v2\/types\/product"}],"replies":[{"embeddable":true,"href":"https:\/\/numizmatika.beila.hu\/index.php?rest_route=%2Fwp%2Fv2%2Fcomments&post=7679"}],"wp:featuredmedia":[{"embeddable":true,"href":"https:\/\/numizmatika.beila.hu\/index.php?rest_route=\/wp\/v2\/media\/7674"}],"wp:attachment":[{"href":"https:\/\/numizmatika.beila.hu\/index.php?rest_route=%2Fwp%2Fv2%2Fmedia&parent=7679"}],"wp:term":[{"taxonomy":"product_cat","embeddable":true,"href":"https:\/\/numizmatika.beila.hu\/index.php?rest_route=%2Fwp%2Fv2%2Fproduct_cat&post=7679"},{"taxonomy":"product_tag","embeddable":true,"href":"https:\/\/numizmatika.beila.hu\/index.php?rest_route=%2Fwp%2Fv2%2Fproduct_tag&post=7679"}],"curies":[{"name":"wp","href":"https:\/\/api.w.org\/{rel}","templated":true}]}}