{"id":777,"date":"2018-01-01T22:16:26","date_gmt":"2018-01-01T22:16:26","guid":{"rendered":"https:\/\/numizmatika.beila.hu\/?post_type=product&#038;p=777"},"modified":"2022-03-05T13:39:31","modified_gmt":"2022-03-05T13:39:31","slug":"ausztralia-bankjegy-es-erme-katalogus","status":"publish","type":"product","link":"https:\/\/numizmatika.beila.hu\/?product=ausztralia-bankjegy-es-erme-katalogus","title":{"rendered":"Ausztr\u00e1lia bankjegy \u00e9s \u00e9rme katal\u00f3gus"},"content":{"rendered":"<p>458 oldalas, angol nyelv\u0171, sz\u00ednes kiadv\u00e1ny.<br \/>\nAusztr\u00e1lia bankjegyei \u00e9s \u00e9rm\u00e9i.<br \/>\nTeljesen \u00faj, haszn\u00e1latlan.<\/p>\n","protected":false},"excerpt":{"rendered":"<p>2011-es kiadv\u00e1ny<\/p>\n","protected":false},"featured_media":778,"comment_status":"open","ping_status":"closed","template":"","meta":[],"product_cat":[78],"product_tag":[],"_links":{"self":[{"href":"https:\/\/numizmatika.beila.hu\/index.php?rest_route=\/wp\/v2\/product\/777"}],"collection":[{"href":"https:\/\/numizmatika.beila.hu\/index.php?rest_route=\/wp\/v2\/product"}],"about":[{"href":"https:\/\/numizmatika.beila.hu\/index.php?rest_route=\/wp\/v2\/types\/product"}],"replies":[{"embeddable":true,"href":"https:\/\/numizmatika.beila.hu\/index.php?rest_route=%2Fwp%2Fv2%2Fcomments&post=777"}],"wp:featuredmedia":[{"embeddable":true,"href":"https:\/\/numizmatika.beila.hu\/index.php?rest_route=\/wp\/v2\/media\/778"}],"wp:attachment":[{"href":"https:\/\/numizmatika.beila.hu\/index.php?rest_route=%2Fwp%2Fv2%2Fmedia&parent=777"}],"wp:term":[{"taxonomy":"product_cat","embeddable":true,"href":"https:\/\/numizmatika.beila.hu\/index.php?rest_route=%2Fwp%2Fv2%2Fproduct_cat&post=777"},{"taxonomy":"product_tag","embeddable":true,"href":"https:\/\/numizmatika.beila.hu\/index.php?rest_route=%2Fwp%2Fv2%2Fproduct_tag&post=777"}],"curies":[{"name":"wp","href":"https:\/\/api.w.org\/{rel}","templated":true}]}}