{"id":780,"date":"2018-01-01T22:19:54","date_gmt":"2018-01-01T22:19:54","guid":{"rendered":"https:\/\/numizmatika.beila.hu\/?post_type=product&#038;p=780"},"modified":"2022-03-26T12:31:32","modified_gmt":"2022-03-26T12:31:32","slug":"friss-ujsag","status":"publish","type":"product","link":"https:\/\/numizmatika.beila.hu\/?product=friss-ujsag","title":{"rendered":"Friss \u00dajs\u00e1g"},"content":{"rendered":"<p>N\u00e9h\u00e1ny oldal, nagyon \u00e9rdekes megfogalmaz\u00e1sok \u00edgy 111 \u00e9v t\u00e1vlat\u00e1b\u00f3l!&#8230;<\/p>\n","protected":false},"excerpt":{"rendered":"<p>1911.12.23-i kiad\u00e1s<\/p>\n","protected":false},"featured_media":784,"comment_status":"open","ping_status":"closed","template":"","meta":[],"product_cat":[79],"product_tag":[],"_links":{"self":[{"href":"https:\/\/numizmatika.beila.hu\/index.php?rest_route=\/wp\/v2\/product\/780"}],"collection":[{"href":"https:\/\/numizmatika.beila.hu\/index.php?rest_route=\/wp\/v2\/product"}],"about":[{"href":"https:\/\/numizmatika.beila.hu\/index.php?rest_route=\/wp\/v2\/types\/product"}],"replies":[{"embeddable":true,"href":"https:\/\/numizmatika.beila.hu\/index.php?rest_route=%2Fwp%2Fv2%2Fcomments&post=780"}],"wp:featuredmedia":[{"embeddable":true,"href":"https:\/\/numizmatika.beila.hu\/index.php?rest_route=\/wp\/v2\/media\/784"}],"wp:attachment":[{"href":"https:\/\/numizmatika.beila.hu\/index.php?rest_route=%2Fwp%2Fv2%2Fmedia&parent=780"}],"wp:term":[{"taxonomy":"product_cat","embeddable":true,"href":"https:\/\/numizmatika.beila.hu\/index.php?rest_route=%2Fwp%2Fv2%2Fproduct_cat&post=780"},{"taxonomy":"product_tag","embeddable":true,"href":"https:\/\/numizmatika.beila.hu\/index.php?rest_route=%2Fwp%2Fv2%2Fproduct_tag&post=780"}],"curies":[{"name":"wp","href":"https:\/\/api.w.org\/{rel}","templated":true}]}}