{"id":785,"date":"2018-01-01T22:22:33","date_gmt":"2018-01-01T22:22:33","guid":{"rendered":"https:\/\/numizmatika.beila.hu\/?post_type=product&#038;p=785"},"modified":"2018-01-01T22:22:33","modified_gmt":"2018-01-01T22:22:33","slug":"127-db-usa-kepeslap","status":"publish","type":"product","link":"https:\/\/numizmatika.beila.hu\/?product=127-db-usa-kepeslap","title":{"rendered":"127 db USA k\u00e9peslap"},"content":{"rendered":"<p>USA k\u00e9peslap v\u00e1logat\u00e1s, benne k\u00fcl\u00f6nleges darabok is.<\/p>\n","protected":false},"excerpt":{"rendered":"<p>Csodasz\u00e9p t\u00e9tel<\/p>\n","protected":false},"featured_media":786,"comment_status":"open","ping_status":"closed","template":"","meta":[],"product_cat":[80],"product_tag":[],"_links":{"self":[{"href":"https:\/\/numizmatika.beila.hu\/index.php?rest_route=\/wp\/v2\/product\/785"}],"collection":[{"href":"https:\/\/numizmatika.beila.hu\/index.php?rest_route=\/wp\/v2\/product"}],"about":[{"href":"https:\/\/numizmatika.beila.hu\/index.php?rest_route=\/wp\/v2\/types\/product"}],"replies":[{"embeddable":true,"href":"https:\/\/numizmatika.beila.hu\/index.php?rest_route=%2Fwp%2Fv2%2Fcomments&post=785"}],"wp:featuredmedia":[{"embeddable":true,"href":"https:\/\/numizmatika.beila.hu\/index.php?rest_route=\/wp\/v2\/media\/786"}],"wp:attachment":[{"href":"https:\/\/numizmatika.beila.hu\/index.php?rest_route=%2Fwp%2Fv2%2Fmedia&parent=785"}],"wp:term":[{"taxonomy":"product_cat","embeddable":true,"href":"https:\/\/numizmatika.beila.hu\/index.php?rest_route=%2Fwp%2Fv2%2Fproduct_cat&post=785"},{"taxonomy":"product_tag","embeddable":true,"href":"https:\/\/numizmatika.beila.hu\/index.php?rest_route=%2Fwp%2Fv2%2Fproduct_tag&post=785"}],"curies":[{"name":"wp","href":"https:\/\/api.w.org\/{rel}","templated":true}]}}