{"id":806,"date":"2018-01-02T19:15:35","date_gmt":"2018-01-02T19:15:35","guid":{"rendered":"https:\/\/numizmatika.beila.hu\/?post_type=product&#038;p=806"},"modified":"2023-10-12T11:38:14","modified_gmt":"2023-10-12T11:38:14","slug":"ermetarto-kapszula-valogatas","status":"publish","type":"product","link":"https:\/\/numizmatika.beila.hu\/?product=ermetarto-kapszula-valogatas","title":{"rendered":"\u00c9rmetart\u00f3 kapszula v\u00e1logat\u00e1s"},"content":{"rendered":"<p>Nagyon j\u00f3 min\u0151s\u00e9g\u0171, nem karcol\u00f3d\u00f3 m\u0171anyagb\u00f3l k\u00e9sz\u00fclt \u00e9rmetart\u00f3 tokok.<br \/>\nStabilan z\u00e1r\u00f3dnak, ugyanakkor k\u00f6nnyen nyithat\u00f3ak.<br \/>\n100 kapszula 16,5-32,5 mm \u00e1tm\u00e9r\u0151j\u0171 \u00e9rm\u00e9khez.<br \/>\nTartalma: 10 csomag egyenk\u00e9nt 10 kapszul\u00e1val a k\u00f6vetkez\u0151 bels\u0151 \u00e1tm\u00e9r\u0151vel:<br \/>\n16,5 mm (1 euro cent),<br \/>\n19 mm (2 euro cent),<br \/>\n20 mm (10 euro cent),<br \/>\n21,5 mm (5 euro cent),<br \/>\n22,5 mm (20 euro cent),<br \/>\n23 mm (1 euro),<br \/>\n24,5 mm (50 euro cent),<br \/>\n26 mm (2 euro),<br \/>\n27 mm (5 euro),<br \/>\n32,5 mm (10+20 euro).<\/p>\n","protected":false},"excerpt":{"rendered":"<p>100 db kapszula (10 f\u00e9le)<\/p>\n","protected":false},"featured_media":807,"comment_status":"open","ping_status":"closed","template":"","meta":[],"product_cat":[49],"product_tag":[],"_links":{"self":[{"href":"https:\/\/numizmatika.beila.hu\/index.php?rest_route=\/wp\/v2\/product\/806"}],"collection":[{"href":"https:\/\/numizmatika.beila.hu\/index.php?rest_route=\/wp\/v2\/product"}],"about":[{"href":"https:\/\/numizmatika.beila.hu\/index.php?rest_route=\/wp\/v2\/types\/product"}],"replies":[{"embeddable":true,"href":"https:\/\/numizmatika.beila.hu\/index.php?rest_route=%2Fwp%2Fv2%2Fcomments&post=806"}],"wp:featuredmedia":[{"embeddable":true,"href":"https:\/\/numizmatika.beila.hu\/index.php?rest_route=\/wp\/v2\/media\/807"}],"wp:attachment":[{"href":"https:\/\/numizmatika.beila.hu\/index.php?rest_route=%2Fwp%2Fv2%2Fmedia&parent=806"}],"wp:term":[{"taxonomy":"product_cat","embeddable":true,"href":"https:\/\/numizmatika.beila.hu\/index.php?rest_route=%2Fwp%2Fv2%2Fproduct_cat&post=806"},{"taxonomy":"product_tag","embeddable":true,"href":"https:\/\/numizmatika.beila.hu\/index.php?rest_route=%2Fwp%2Fv2%2Fproduct_tag&post=806"}],"curies":[{"name":"wp","href":"https:\/\/api.w.org\/{rel}","templated":true}]}}