{"id":8068,"date":"2024-12-29T15:26:32","date_gmt":"2024-12-29T15:26:32","guid":{"rendered":"https:\/\/numizmatika.beila.hu\/?post_type=product&#038;p=8068"},"modified":"2025-03-19T11:42:44","modified_gmt":"2025-03-19T11:42:44","slug":"olaszorszag-10-lira-1935","status":"publish","type":"product","link":"https:\/\/numizmatika.beila.hu\/?product=olaszorszag-10-lira-1935","title":{"rendered":"Olaszorsz\u00e1g 10 lira 1935"},"content":{"rendered":"<h2 style=\"text-align: left;\"><strong>Kiv\u00e1l\u00f3 bankjegyek szerte a Vil\u00e1gb\u00f3l!<\/strong><\/h2>\n<p>L\u00e1sd a k\u00e9peket! Mindig a k\u00e9pen l\u00e1that\u00f3 min\u0151s\u00e9g\u0171 term\u00e9k ker\u00fcl post\u00e1z\u00e1sra.<\/p>\n","protected":false},"excerpt":{"rendered":"<p>Osztr\u00e1k pap\u00edrp\u00e9nzek.<\/p>\n","protected":false},"featured_media":8044,"comment_status":"open","ping_status":"closed","template":"","meta":[],"product_cat":[107],"product_tag":[],"_links":{"self":[{"href":"https:\/\/numizmatika.beila.hu\/index.php?rest_route=\/wp\/v2\/product\/8068"}],"collection":[{"href":"https:\/\/numizmatika.beila.hu\/index.php?rest_route=\/wp\/v2\/product"}],"about":[{"href":"https:\/\/numizmatika.beila.hu\/index.php?rest_route=\/wp\/v2\/types\/product"}],"replies":[{"embeddable":true,"href":"https:\/\/numizmatika.beila.hu\/index.php?rest_route=%2Fwp%2Fv2%2Fcomments&post=8068"}],"wp:featuredmedia":[{"embeddable":true,"href":"https:\/\/numizmatika.beila.hu\/index.php?rest_route=\/wp\/v2\/media\/8044"}],"wp:attachment":[{"href":"https:\/\/numizmatika.beila.hu\/index.php?rest_route=%2Fwp%2Fv2%2Fmedia&parent=8068"}],"wp:term":[{"taxonomy":"product_cat","embeddable":true,"href":"https:\/\/numizmatika.beila.hu\/index.php?rest_route=%2Fwp%2Fv2%2Fproduct_cat&post=8068"},{"taxonomy":"product_tag","embeddable":true,"href":"https:\/\/numizmatika.beila.hu\/index.php?rest_route=%2Fwp%2Fv2%2Fproduct_tag&post=8068"}],"curies":[{"name":"wp","href":"https:\/\/api.w.org\/{rel}","templated":true}]}}