{"id":808,"date":"2018-01-02T19:15:51","date_gmt":"2018-01-02T19:15:51","guid":{"rendered":"https:\/\/numizmatika.beila.hu\/?post_type=product&#038;p=808"},"modified":"2023-10-12T11:38:04","modified_gmt":"2023-10-12T11:38:04","slug":"ermetarto-kapszula-valogatas-euro","status":"publish","type":"product","link":"https:\/\/numizmatika.beila.hu\/?product=ermetarto-kapszula-valogatas-euro","title":{"rendered":"\u00c9rmetart\u00f3 kapszula v\u00e1logat\u00e1s (euro)"},"content":{"rendered":"<p>Kapszula v\u00e1logat\u00e1s eur\u00f3 sorhoz, 1 centt\u0151l 2 eur\u00f3ig.<\/p>\n","protected":false},"excerpt":{"rendered":"<p>Eur\u00f3 sorhoz (1 cent &#8211; 2 eur\u00f3)<\/p>\n","protected":false},"featured_media":809,"comment_status":"open","ping_status":"closed","template":"","meta":[],"product_cat":[49],"product_tag":[],"_links":{"self":[{"href":"https:\/\/numizmatika.beila.hu\/index.php?rest_route=\/wp\/v2\/product\/808"}],"collection":[{"href":"https:\/\/numizmatika.beila.hu\/index.php?rest_route=\/wp\/v2\/product"}],"about":[{"href":"https:\/\/numizmatika.beila.hu\/index.php?rest_route=\/wp\/v2\/types\/product"}],"replies":[{"embeddable":true,"href":"https:\/\/numizmatika.beila.hu\/index.php?rest_route=%2Fwp%2Fv2%2Fcomments&post=808"}],"wp:featuredmedia":[{"embeddable":true,"href":"https:\/\/numizmatika.beila.hu\/index.php?rest_route=\/wp\/v2\/media\/809"}],"wp:attachment":[{"href":"https:\/\/numizmatika.beila.hu\/index.php?rest_route=%2Fwp%2Fv2%2Fmedia&parent=808"}],"wp:term":[{"taxonomy":"product_cat","embeddable":true,"href":"https:\/\/numizmatika.beila.hu\/index.php?rest_route=%2Fwp%2Fv2%2Fproduct_cat&post=808"},{"taxonomy":"product_tag","embeddable":true,"href":"https:\/\/numizmatika.beila.hu\/index.php?rest_route=%2Fwp%2Fv2%2Fproduct_tag&post=808"}],"curies":[{"name":"wp","href":"https:\/\/api.w.org\/{rel}","templated":true}]}}