{"id":817,"date":"2018-01-02T20:18:27","date_gmt":"2018-01-02T20:18:27","guid":{"rendered":"https:\/\/numizmatika.beila.hu\/?post_type=product&#038;p=817"},"modified":"2024-10-08T13:31:31","modified_gmt":"2024-10-08T13:31:31","slug":"doboz-ermekeretek-szamara","status":"publish","type":"product","link":"https:\/\/numizmatika.beila.hu\/?product=doboz-ermekeretek-szamara","title":{"rendered":"Doboz \u00e9rmekeretek sz\u00e1m\u00e1ra"},"content":{"rendered":"<p>100 \u00e9rmekeret t\u00e1rol\u00e1s\u00e1ra.<br \/>\nM\u0171anyag, \u00e1tl\u00e1tsz\u00f3 tet\u0151vel.<br \/>\nEzen kereszt\u00fcl k\u00e9nyelmesen megtekinthet\u0151ek az \u00e9rmekeretek an\u00e9lk\u00fcl, hogy azokat kiemeln\u00e9 a dobozb\u00f3l.<br \/>\nK\u00fcls\u0151 m\u00e9ret: 170 x 110 x 65 mm.<\/p>\n","protected":false},"excerpt":{"rendered":"<p>\u00c9rmekeretek sz\u00e1m\u00e1ra praktikus.<\/p>\n","protected":false},"featured_media":818,"comment_status":"open","ping_status":"closed","template":"","meta":[],"product_cat":[43,48],"product_tag":[],"_links":{"self":[{"href":"https:\/\/numizmatika.beila.hu\/index.php?rest_route=\/wp\/v2\/product\/817"}],"collection":[{"href":"https:\/\/numizmatika.beila.hu\/index.php?rest_route=\/wp\/v2\/product"}],"about":[{"href":"https:\/\/numizmatika.beila.hu\/index.php?rest_route=\/wp\/v2\/types\/product"}],"replies":[{"embeddable":true,"href":"https:\/\/numizmatika.beila.hu\/index.php?rest_route=%2Fwp%2Fv2%2Fcomments&post=817"}],"wp:featuredmedia":[{"embeddable":true,"href":"https:\/\/numizmatika.beila.hu\/index.php?rest_route=\/wp\/v2\/media\/818"}],"wp:attachment":[{"href":"https:\/\/numizmatika.beila.hu\/index.php?rest_route=%2Fwp%2Fv2%2Fmedia&parent=817"}],"wp:term":[{"taxonomy":"product_cat","embeddable":true,"href":"https:\/\/numizmatika.beila.hu\/index.php?rest_route=%2Fwp%2Fv2%2Fproduct_cat&post=817"},{"taxonomy":"product_tag","embeddable":true,"href":"https:\/\/numizmatika.beila.hu\/index.php?rest_route=%2Fwp%2Fv2%2Fproduct_tag&post=817"}],"curies":[{"name":"wp","href":"https:\/\/api.w.org\/{rel}","templated":true}]}}