{"id":836,"date":"2018-01-02T20:56:52","date_gmt":"2018-01-02T20:56:52","guid":{"rendered":"https:\/\/numizmatika.beila.hu\/?post_type=product&#038;p=836"},"modified":"2024-10-08T13:30:33","modified_gmt":"2024-10-08T13:30:33","slug":"ermecsipesz-nagy","status":"publish","type":"product","link":"https:\/\/numizmatika.beila.hu\/?product=ermecsipesz-nagy","title":{"rendered":"\u00c9rmecsipesz (nagy)"},"content":{"rendered":"<p>A praktikus \u00e9rmecsipesz seg\u00edts\u00e9g\u00e9vel k\u00edm\u00e9letesen b\u00e1nhat \u00e9rm\u00e9ivel.<br \/>\nA m\u0171anyag bevonat biztos\u00edtja a stabil fog\u00e1st \u00e9s v\u00e9d a s\u00e9r\u00fcl\u00e9sekt\u0151l.<\/p>\n<p>A k\u00e9p csak illusztr\u00e1ci\u00f3 (az \u00e9rme nem r\u00e9sze az aj\u00e1nlatnak)!<\/p>\n","protected":false},"excerpt":{"rendered":"<p>\u00e9rm\u00e9i v\u00e9delm\u00e9hez<\/p>\n","protected":false},"featured_media":837,"comment_status":"open","ping_status":"closed","template":"","meta":[],"product_cat":[59],"product_tag":[],"_links":{"self":[{"href":"https:\/\/numizmatika.beila.hu\/index.php?rest_route=\/wp\/v2\/product\/836"}],"collection":[{"href":"https:\/\/numizmatika.beila.hu\/index.php?rest_route=\/wp\/v2\/product"}],"about":[{"href":"https:\/\/numizmatika.beila.hu\/index.php?rest_route=\/wp\/v2\/types\/product"}],"replies":[{"embeddable":true,"href":"https:\/\/numizmatika.beila.hu\/index.php?rest_route=%2Fwp%2Fv2%2Fcomments&post=836"}],"wp:featuredmedia":[{"embeddable":true,"href":"https:\/\/numizmatika.beila.hu\/index.php?rest_route=\/wp\/v2\/media\/837"}],"wp:attachment":[{"href":"https:\/\/numizmatika.beila.hu\/index.php?rest_route=%2Fwp%2Fv2%2Fmedia&parent=836"}],"wp:term":[{"taxonomy":"product_cat","embeddable":true,"href":"https:\/\/numizmatika.beila.hu\/index.php?rest_route=%2Fwp%2Fv2%2Fproduct_cat&post=836"},{"taxonomy":"product_tag","embeddable":true,"href":"https:\/\/numizmatika.beila.hu\/index.php?rest_route=%2Fwp%2Fv2%2Fproduct_tag&post=836"}],"curies":[{"name":"wp","href":"https:\/\/api.w.org\/{rel}","templated":true}]}}