{"id":8388,"date":"2025-04-16T14:55:38","date_gmt":"2025-04-16T14:55:38","guid":{"rendered":"https:\/\/numizmatika.beila.hu\/?post_type=product&#038;p=8388"},"modified":"2025-04-16T14:56:24","modified_gmt":"2025-04-16T14:56:24","slug":"ausztria-1000-korona-papirpenz-1922","status":"publish","type":"product","link":"https:\/\/numizmatika.beila.hu\/?product=ausztria-1000-korona-papirpenz-1922","title":{"rendered":"Ausztria 1000 korona pap\u00edrp\u00e9nz 1922"},"content":{"rendered":"<p>Pap\u00edrp\u00e9nzek szerte a Vil\u00e1gb\u00f3l.<\/p>\n<p>V\u00e1s\u00e1rl\u00e1s eset\u00e9n mindig a k\u00e9pen l\u00e1that\u00f3 min\u0151s\u00e9g\u0171 term\u00e9k ker\u00fcl a kedves v\u00e1s\u00e1rl\u00f3 kez\u00e9be.<\/p>\n<p>N\u00e9zze meg tov\u00e1bbi aj\u00e1nlataimat is az oldalamon (www.numizmatika.beila.hu)<\/p>\n","protected":false},"excerpt":{"rendered":"<p>Osztr\u00e1k pap\u00edrp\u00e9nzek.<\/p>\n","protected":false},"featured_media":8381,"comment_status":"open","ping_status":"closed","template":"","meta":[],"product_cat":[111],"product_tag":[],"_links":{"self":[{"href":"https:\/\/numizmatika.beila.hu\/index.php?rest_route=\/wp\/v2\/product\/8388"}],"collection":[{"href":"https:\/\/numizmatika.beila.hu\/index.php?rest_route=\/wp\/v2\/product"}],"about":[{"href":"https:\/\/numizmatika.beila.hu\/index.php?rest_route=\/wp\/v2\/types\/product"}],"replies":[{"embeddable":true,"href":"https:\/\/numizmatika.beila.hu\/index.php?rest_route=%2Fwp%2Fv2%2Fcomments&post=8388"}],"wp:featuredmedia":[{"embeddable":true,"href":"https:\/\/numizmatika.beila.hu\/index.php?rest_route=\/wp\/v2\/media\/8381"}],"wp:attachment":[{"href":"https:\/\/numizmatika.beila.hu\/index.php?rest_route=%2Fwp%2Fv2%2Fmedia&parent=8388"}],"wp:term":[{"taxonomy":"product_cat","embeddable":true,"href":"https:\/\/numizmatika.beila.hu\/index.php?rest_route=%2Fwp%2Fv2%2Fproduct_cat&post=8388"},{"taxonomy":"product_tag","embeddable":true,"href":"https:\/\/numizmatika.beila.hu\/index.php?rest_route=%2Fwp%2Fv2%2Fproduct_tag&post=8388"}],"curies":[{"name":"wp","href":"https:\/\/api.w.org\/{rel}","templated":true}]}}