{"id":842,"date":"2018-01-02T21:02:44","date_gmt":"2018-01-02T21:02:44","guid":{"rendered":"https:\/\/numizmatika.beila.hu\/?post_type=product&#038;p=842"},"modified":"2023-10-12T11:54:35","modified_gmt":"2023-10-12T11:54:35","slug":"ermefenyezo-kendo","status":"publish","type":"product","link":"https:\/\/numizmatika.beila.hu\/?product=ermefenyezo-kendo","title":{"rendered":"\u00c9rmef\u00e9nyez\u0151 kend\u0151"},"content":{"rendered":"<p>Ez a nagyon finom sz\u00f6v\u00e9s\u0171, bolyhos \u00e9rmef\u00e9nyez\u0151 kend\u0151 ism\u00e9t tiszt\u00e1v\u00e1 \u00e9s f\u00e9nyess\u00e9 teszi \u00e9rm\u00e9it.<br \/>\nA f\u00e9nyez\u0151 kend\u0151 impregn\u00e1lt, \u00edgy m\u00e1r egyszer\u0171 t\u00f6r\u00f6lget\u00e9s is elt\u00fcnteti a szennyez\u0151d\u00e9seket.<br \/>\n\u00c9kszerekhez \u00e9s ev\u0151eszk\u00f6z\u00f6kh\u00f6z is haszn\u00e1lhat\u00f3.<\/p>\n<p>A k\u00e9p csak illusztr\u00e1ci\u00f3 (az \u00e9rme nem r\u00e9sze az aj\u00e1nlatnak)!<\/p>\n","protected":false},"excerpt":{"rendered":"<p>\u00e9rm\u00e9i v\u00e9delm\u00e9hez<\/p>\n","protected":false},"featured_media":843,"comment_status":"open","ping_status":"closed","template":"","meta":[],"product_cat":[58],"product_tag":[],"_links":{"self":[{"href":"https:\/\/numizmatika.beila.hu\/index.php?rest_route=\/wp\/v2\/product\/842"}],"collection":[{"href":"https:\/\/numizmatika.beila.hu\/index.php?rest_route=\/wp\/v2\/product"}],"about":[{"href":"https:\/\/numizmatika.beila.hu\/index.php?rest_route=\/wp\/v2\/types\/product"}],"replies":[{"embeddable":true,"href":"https:\/\/numizmatika.beila.hu\/index.php?rest_route=%2Fwp%2Fv2%2Fcomments&post=842"}],"wp:featuredmedia":[{"embeddable":true,"href":"https:\/\/numizmatika.beila.hu\/index.php?rest_route=\/wp\/v2\/media\/843"}],"wp:attachment":[{"href":"https:\/\/numizmatika.beila.hu\/index.php?rest_route=%2Fwp%2Fv2%2Fmedia&parent=842"}],"wp:term":[{"taxonomy":"product_cat","embeddable":true,"href":"https:\/\/numizmatika.beila.hu\/index.php?rest_route=%2Fwp%2Fv2%2Fproduct_cat&post=842"},{"taxonomy":"product_tag","embeddable":true,"href":"https:\/\/numizmatika.beila.hu\/index.php?rest_route=%2Fwp%2Fv2%2Fproduct_tag&post=842"}],"curies":[{"name":"wp","href":"https:\/\/api.w.org\/{rel}","templated":true}]}}