{"id":8454,"date":"2025-04-17T17:44:29","date_gmt":"2025-04-17T17:44:29","guid":{"rendered":"https:\/\/numizmatika.beila.hu\/?post_type=product&#038;p=8454"},"modified":"2025-04-17T17:46:28","modified_gmt":"2025-04-17T17:46:28","slug":"1920-10-korona-bankjegy-felulnyomott-vf","status":"publish","type":"product","link":"https:\/\/numizmatika.beila.hu\/?product=1920-10-korona-bankjegy-felulnyomott-vf","title":{"rendered":"1920. 10 korona bankjegy fel\u00fclnyomott (VF)"},"content":{"rendered":"<p>A k\u00e9peken l\u00e1that\u00f3, kiv\u00e1l\u00f3 min\u0151s\u00e9g\u0171 magyar pap\u00edrp\u00e9nz<\/p>\n<p>L\u00e1sd a k\u00e9peket!<\/p>\n","protected":false},"excerpt":{"rendered":"<p>Kiv\u00e1l\u00f3 magyar bankjegy!<\/p>\n","protected":false},"featured_media":8427,"comment_status":"open","ping_status":"closed","template":"","meta":[],"product_cat":[69],"product_tag":[],"_links":{"self":[{"href":"https:\/\/numizmatika.beila.hu\/index.php?rest_route=\/wp\/v2\/product\/8454"}],"collection":[{"href":"https:\/\/numizmatika.beila.hu\/index.php?rest_route=\/wp\/v2\/product"}],"about":[{"href":"https:\/\/numizmatika.beila.hu\/index.php?rest_route=\/wp\/v2\/types\/product"}],"replies":[{"embeddable":true,"href":"https:\/\/numizmatika.beila.hu\/index.php?rest_route=%2Fwp%2Fv2%2Fcomments&post=8454"}],"wp:featuredmedia":[{"embeddable":true,"href":"https:\/\/numizmatika.beila.hu\/index.php?rest_route=\/wp\/v2\/media\/8427"}],"wp:attachment":[{"href":"https:\/\/numizmatika.beila.hu\/index.php?rest_route=%2Fwp%2Fv2%2Fmedia&parent=8454"}],"wp:term":[{"taxonomy":"product_cat","embeddable":true,"href":"https:\/\/numizmatika.beila.hu\/index.php?rest_route=%2Fwp%2Fv2%2Fproduct_cat&post=8454"},{"taxonomy":"product_tag","embeddable":true,"href":"https:\/\/numizmatika.beila.hu\/index.php?rest_route=%2Fwp%2Fv2%2Fproduct_tag&post=8454"}],"curies":[{"name":"wp","href":"https:\/\/api.w.org\/{rel}","templated":true}]}}