{"id":8462,"date":"2025-04-17T17:56:07","date_gmt":"2025-04-17T17:56:07","guid":{"rendered":"https:\/\/numizmatika.beila.hu\/?post_type=product&#038;p=8462"},"modified":"2025-04-17T17:56:41","modified_gmt":"2025-04-17T17:56:41","slug":"1913-20-korona-bankjegy-felulnyomott-2db-sorszamkoveto-ef","status":"publish","type":"product","link":"https:\/\/numizmatika.beila.hu\/?product=1913-20-korona-bankjegy-felulnyomott-2db-sorszamkoveto-ef","title":{"rendered":"1913. 20 korona bankjegy fel\u00fclnyomott 2db sorsz\u00e1mk\u00f6vet\u0151 (EF)"},"content":{"rendered":"<p>A k\u00e9peken l\u00e1that\u00f3 min\u0151s\u00e9g\u0171 magyar pap\u00edrp\u00e9nz.<\/p>\n<p>L\u00e1sd a k\u00e9peket!<\/p>\n","protected":false},"excerpt":{"rendered":"<p>Kiv\u00e1l\u00f3 magyar bankjegy!<\/p>\n","protected":false},"featured_media":8443,"comment_status":"open","ping_status":"closed","template":"","meta":[],"product_cat":[69],"product_tag":[],"_links":{"self":[{"href":"https:\/\/numizmatika.beila.hu\/index.php?rest_route=\/wp\/v2\/product\/8462"}],"collection":[{"href":"https:\/\/numizmatika.beila.hu\/index.php?rest_route=\/wp\/v2\/product"}],"about":[{"href":"https:\/\/numizmatika.beila.hu\/index.php?rest_route=\/wp\/v2\/types\/product"}],"replies":[{"embeddable":true,"href":"https:\/\/numizmatika.beila.hu\/index.php?rest_route=%2Fwp%2Fv2%2Fcomments&post=8462"}],"wp:featuredmedia":[{"embeddable":true,"href":"https:\/\/numizmatika.beila.hu\/index.php?rest_route=\/wp\/v2\/media\/8443"}],"wp:attachment":[{"href":"https:\/\/numizmatika.beila.hu\/index.php?rest_route=%2Fwp%2Fv2%2Fmedia&parent=8462"}],"wp:term":[{"taxonomy":"product_cat","embeddable":true,"href":"https:\/\/numizmatika.beila.hu\/index.php?rest_route=%2Fwp%2Fv2%2Fproduct_cat&post=8462"},{"taxonomy":"product_tag","embeddable":true,"href":"https:\/\/numizmatika.beila.hu\/index.php?rest_route=%2Fwp%2Fv2%2Fproduct_tag&post=8462"}],"curies":[{"name":"wp","href":"https:\/\/api.w.org\/{rel}","templated":true}]}}