{"id":8491,"date":"2025-04-17T18:21:44","date_gmt":"2025-04-17T18:21:44","guid":{"rendered":"https:\/\/numizmatika.beila.hu\/?post_type=product&#038;p=8491"},"modified":"2025-04-17T18:22:19","modified_gmt":"2025-04-17T18:22:19","slug":"1945-10-millio-pengo-bankjegy-ef","status":"publish","type":"product","link":"https:\/\/numizmatika.beila.hu\/?product=1945-10-millio-pengo-bankjegy-ef","title":{"rendered":"1945. 10 milli\u00f3 peng\u0151 bankjegy (EF)"},"content":{"rendered":"<p>A peng\u0151 id\u0151szakhoz tartoz\u00f3, a k\u00e9peken l\u00e1that\u00f3 \u00e1llapot\u00fa magyar pap\u00edrp\u00e9nz.<\/p>\n<p>L\u00e1sd a k\u00e9peket!<\/p>\n","protected":false},"excerpt":{"rendered":"<p>Kiv\u00e1l\u00f3 magyar bankjegy!<\/p>\n","protected":false},"featured_media":8477,"comment_status":"open","ping_status":"closed","template":"","meta":[],"product_cat":[70],"product_tag":[],"_links":{"self":[{"href":"https:\/\/numizmatika.beila.hu\/index.php?rest_route=\/wp\/v2\/product\/8491"}],"collection":[{"href":"https:\/\/numizmatika.beila.hu\/index.php?rest_route=\/wp\/v2\/product"}],"about":[{"href":"https:\/\/numizmatika.beila.hu\/index.php?rest_route=\/wp\/v2\/types\/product"}],"replies":[{"embeddable":true,"href":"https:\/\/numizmatika.beila.hu\/index.php?rest_route=%2Fwp%2Fv2%2Fcomments&post=8491"}],"wp:featuredmedia":[{"embeddable":true,"href":"https:\/\/numizmatika.beila.hu\/index.php?rest_route=\/wp\/v2\/media\/8477"}],"wp:attachment":[{"href":"https:\/\/numizmatika.beila.hu\/index.php?rest_route=%2Fwp%2Fv2%2Fmedia&parent=8491"}],"wp:term":[{"taxonomy":"product_cat","embeddable":true,"href":"https:\/\/numizmatika.beila.hu\/index.php?rest_route=%2Fwp%2Fv2%2Fproduct_cat&post=8491"},{"taxonomy":"product_tag","embeddable":true,"href":"https:\/\/numizmatika.beila.hu\/index.php?rest_route=%2Fwp%2Fv2%2Fproduct_tag&post=8491"}],"curies":[{"name":"wp","href":"https:\/\/api.w.org\/{rel}","templated":true}]}}