{"id":8496,"date":"2025-04-17T18:32:47","date_gmt":"2025-04-17T18:32:47","guid":{"rendered":"https:\/\/numizmatika.beila.hu\/?post_type=product&#038;p=8496"},"modified":"2025-04-17T18:33:43","modified_gmt":"2025-04-17T18:33:43","slug":"1946-1-milliard-milpengo-bankjegy-ef","status":"publish","type":"product","link":"https:\/\/numizmatika.beila.hu\/?product=1946-1-milliard-milpengo-bankjegy-ef","title":{"rendered":"1946. 1 milli\u00e1rd milpeng\u0151 bankjegy (EF)"},"content":{"rendered":"<p>J\u00f3 \u00e1llapot\u00fa pap\u00edrp\u00e9nz!<\/p>\n<p>L\u00e1sd a k\u00e9pet!<\/p>\n","protected":false},"excerpt":{"rendered":"<p>Kiv\u00e1l\u00f3 magyar bankjegy!<\/p>\n","protected":false},"featured_media":8497,"comment_status":"open","ping_status":"closed","template":"","meta":[],"product_cat":[71],"product_tag":[],"_links":{"self":[{"href":"https:\/\/numizmatika.beila.hu\/index.php?rest_route=\/wp\/v2\/product\/8496"}],"collection":[{"href":"https:\/\/numizmatika.beila.hu\/index.php?rest_route=\/wp\/v2\/product"}],"about":[{"href":"https:\/\/numizmatika.beila.hu\/index.php?rest_route=\/wp\/v2\/types\/product"}],"replies":[{"embeddable":true,"href":"https:\/\/numizmatika.beila.hu\/index.php?rest_route=%2Fwp%2Fv2%2Fcomments&post=8496"}],"wp:featuredmedia":[{"embeddable":true,"href":"https:\/\/numizmatika.beila.hu\/index.php?rest_route=\/wp\/v2\/media\/8497"}],"wp:attachment":[{"href":"https:\/\/numizmatika.beila.hu\/index.php?rest_route=%2Fwp%2Fv2%2Fmedia&parent=8496"}],"wp:term":[{"taxonomy":"product_cat","embeddable":true,"href":"https:\/\/numizmatika.beila.hu\/index.php?rest_route=%2Fwp%2Fv2%2Fproduct_cat&post=8496"},{"taxonomy":"product_tag","embeddable":true,"href":"https:\/\/numizmatika.beila.hu\/index.php?rest_route=%2Fwp%2Fv2%2Fproduct_tag&post=8496"}],"curies":[{"name":"wp","href":"https:\/\/api.w.org\/{rel}","templated":true}]}}