{"id":8511,"date":"2025-04-17T18:43:11","date_gmt":"2025-04-17T18:43:11","guid":{"rendered":"https:\/\/numizmatika.beila.hu\/?post_type=product&#038;p=8511"},"modified":"2025-04-17T18:45:58","modified_gmt":"2025-04-17T18:45:58","slug":"10-forint-bankjegy-1962-f","status":"publish","type":"product","link":"https:\/\/numizmatika.beila.hu\/?product=10-forint-bankjegy-1962-f","title":{"rendered":"10 forint bankjegy 1962 (F)"},"content":{"rendered":"<p>A k\u00e9peken l\u00e1that\u00f3 \u00e1llapot\u00fa magyar pap\u00edrp\u00e9nz a forint korszakb\u00f3l.<\/p>\n<p>L\u00e1sd a k\u00e9peket!<\/p>\n","protected":false},"excerpt":{"rendered":"<p>Kiv\u00e1l\u00f3 magyar bankjegy!<\/p>\n","protected":false},"featured_media":8512,"comment_status":"open","ping_status":"closed","template":"","meta":[],"product_cat":[122],"product_tag":[],"_links":{"self":[{"href":"https:\/\/numizmatika.beila.hu\/index.php?rest_route=\/wp\/v2\/product\/8511"}],"collection":[{"href":"https:\/\/numizmatika.beila.hu\/index.php?rest_route=\/wp\/v2\/product"}],"about":[{"href":"https:\/\/numizmatika.beila.hu\/index.php?rest_route=\/wp\/v2\/types\/product"}],"replies":[{"embeddable":true,"href":"https:\/\/numizmatika.beila.hu\/index.php?rest_route=%2Fwp%2Fv2%2Fcomments&post=8511"}],"wp:featuredmedia":[{"embeddable":true,"href":"https:\/\/numizmatika.beila.hu\/index.php?rest_route=\/wp\/v2\/media\/8512"}],"wp:attachment":[{"href":"https:\/\/numizmatika.beila.hu\/index.php?rest_route=%2Fwp%2Fv2%2Fmedia&parent=8511"}],"wp:term":[{"taxonomy":"product_cat","embeddable":true,"href":"https:\/\/numizmatika.beila.hu\/index.php?rest_route=%2Fwp%2Fv2%2Fproduct_cat&post=8511"},{"taxonomy":"product_tag","embeddable":true,"href":"https:\/\/numizmatika.beila.hu\/index.php?rest_route=%2Fwp%2Fv2%2Fproduct_tag&post=8511"}],"curies":[{"name":"wp","href":"https:\/\/api.w.org\/{rel}","templated":true}]}}