{"id":8544,"date":"2025-04-17T18:59:47","date_gmt":"2025-04-17T18:59:47","guid":{"rendered":"https:\/\/numizmatika.beila.hu\/?post_type=product&#038;p=8544"},"modified":"2025-04-17T19:00:15","modified_gmt":"2025-04-17T19:00:15","slug":"50-forint-bankjegy-1986-f","status":"publish","type":"product","link":"https:\/\/numizmatika.beila.hu\/?product=50-forint-bankjegy-1986-f","title":{"rendered":"50 forint bankjegy 1986 (F)"},"content":{"rendered":"<p>A k\u00e9peken l\u00e1that\u00f3 \u00e1llapot\u00fa magyar pap\u00edrp\u00e9nz a forint korszakb\u00f3l.<\/p>\n<p>L\u00e1sd a k\u00e9peket!<\/p>\n","protected":false},"excerpt":{"rendered":"<p>Kiv\u00e1l\u00f3 magyar bankjegy!<\/p>\n","protected":false},"featured_media":8535,"comment_status":"open","ping_status":"closed","template":"","meta":[],"product_cat":[124],"product_tag":[],"_links":{"self":[{"href":"https:\/\/numizmatika.beila.hu\/index.php?rest_route=\/wp\/v2\/product\/8544"}],"collection":[{"href":"https:\/\/numizmatika.beila.hu\/index.php?rest_route=\/wp\/v2\/product"}],"about":[{"href":"https:\/\/numizmatika.beila.hu\/index.php?rest_route=\/wp\/v2\/types\/product"}],"replies":[{"embeddable":true,"href":"https:\/\/numizmatika.beila.hu\/index.php?rest_route=%2Fwp%2Fv2%2Fcomments&post=8544"}],"wp:featuredmedia":[{"embeddable":true,"href":"https:\/\/numizmatika.beila.hu\/index.php?rest_route=\/wp\/v2\/media\/8535"}],"wp:attachment":[{"href":"https:\/\/numizmatika.beila.hu\/index.php?rest_route=%2Fwp%2Fv2%2Fmedia&parent=8544"}],"wp:term":[{"taxonomy":"product_cat","embeddable":true,"href":"https:\/\/numizmatika.beila.hu\/index.php?rest_route=%2Fwp%2Fv2%2Fproduct_cat&post=8544"},{"taxonomy":"product_tag","embeddable":true,"href":"https:\/\/numizmatika.beila.hu\/index.php?rest_route=%2Fwp%2Fv2%2Fproduct_tag&post=8544"}],"curies":[{"name":"wp","href":"https:\/\/api.w.org\/{rel}","templated":true}]}}